{"id":15,"date":"2012-04-13T12:58:47","date_gmt":"2012-04-13T11:58:47","guid":{"rendered":"http:\/\/www.stiegenhof.ch\/blog\/?page_id=15"},"modified":"2013-02-05T09:30:34","modified_gmt":"2013-02-05T08:30:34","slug":"impressum","status":"publish","type":"page","link":"https:\/\/www.stiegenhof.ch\/?page_id=15","title":{"rendered":"Kontakt"},"content":{"rendered":"<p>\n<div class=\"wpcf7 no-js\" id=\"wpcf7-f67-o1\" lang=\"en-US\" dir=\"ltr\" data-wpcf7-id=\"67\">\n<div class=\"screen-reader-response\"><p role=\"status\" aria-live=\"polite\" aria-atomic=\"true\"><\/p> <ul><\/ul><\/div>\n<form action=\"\/index.php?rest_route=%2Fwp%2Fv2%2Fpages%2F15#wpcf7-f67-o1\" method=\"post\" class=\"wpcf7-form init\" aria-label=\"Contact form\" novalidate=\"novalidate\" data-status=\"init\">\n<fieldset class=\"hidden-fields-container\"><input type=\"hidden\" name=\"_wpcf7\" value=\"67\" \/><input type=\"hidden\" name=\"_wpcf7_version\" value=\"6.1.5\" \/><input type=\"hidden\" name=\"_wpcf7_locale\" value=\"en_US\" \/><input type=\"hidden\" name=\"_wpcf7_unit_tag\" value=\"wpcf7-f67-o1\" \/><input type=\"hidden\" name=\"_wpcf7_container_post\" value=\"0\" \/><input type=\"hidden\" name=\"_wpcf7_posted_data_hash\" value=\"\" \/>\n<\/fieldset>\n<table border=\"0\">\n\t<tr>\n\t\t<td>\n\t\t\t<p>Ihr Name (*):\n\t\t\t<\/p>\n\t\t<\/td>\n\t\t<td>\n\t\t\t<p><span class=\"wpcf7-form-control-wrap\" data-name=\"your-name\"><input size=\"40\" maxlength=\"400\" class=\"wpcf7-form-control wpcf7-text wpcf7-validates-as-required\" aria-required=\"true\" aria-invalid=\"false\" value=\"\" type=\"text\" name=\"your-name\" \/><\/span>\n\t\t\t<\/p>\n\t\t<\/td>\n\t<\/tr>\n\t<tr>\n\t\t<td>\n\t\t\t<p>Ihre E-Mail (*):\n\t\t\t<\/p>\n\t\t<\/td>\n\t\t<td>\n\t\t\t<p><span class=\"wpcf7-form-control-wrap\" data-name=\"your-email\"><input size=\"40\" maxlength=\"400\" class=\"wpcf7-form-control wpcf7-email wpcf7-validates-as-required wpcf7-text wpcf7-validates-as-email\" aria-required=\"true\" aria-invalid=\"false\" value=\"\" type=\"email\" name=\"your-email\" \/><\/span>\n\t\t\t<\/p>\n\t\t<\/td>\n\t<\/tr>\n\t<tr>\n\t\t<td>\n\t\t\t<p>Betreff:\n\t\t\t<\/p>\n\t\t<\/td>\n\t\t<td>\n\t\t\t<p><span class=\"wpcf7-form-control-wrap\" data-name=\"your-subject\"><input size=\"40\" maxlength=\"400\" class=\"wpcf7-form-control wpcf7-text\" aria-invalid=\"false\" value=\"\" type=\"text\" name=\"your-subject\" \/><\/span>\n\t\t\t<\/p>\n\t\t<\/td>\n\t<\/tr>\n\t<tr>\n\t\t<td>\n\t\t\t<p>Ihre Nachricht:\n\t\t\t<\/p>\n\t\t<\/td>\n\t\t<td>\n\t\t\t<p><span class=\"wpcf7-form-control-wrap\" data-name=\"textarea-337\"><textarea cols=\"40\" rows=\"4\" maxlength=\"2000\" class=\"wpcf7-form-control wpcf7-textarea\" aria-invalid=\"false\" name=\"textarea-337\"><\/textarea><\/span>\n\t\t\t<\/p>\n\t\t<\/td>\n\t<\/tr>\n\t<tr>\n\t\t<td>\n\t\t\t<p><input type=\"hidden\" name=\"_wpcf7_captcha_challenge_captcha-795\" value=\"2897934009\" \/><img loading=\"lazy\" decoding=\"async\" class=\"wpcf7-form-control wpcf7-captchac wpcf7-captcha-captcha-795\" width=\"72\" height=\"24\" alt=\"captcha\" src=\"https:\/\/www.stiegenhof.ch\/wp-content\/uploads\/wpcf7_captcha\/2897934009.png\" \/>\n\t\t\t<\/p>\n\t\t<\/td>\n\t\t<td>\n\t\t\t<p><span class=\"wpcf7-form-control-wrap\" data-name=\"captcha-795\"><input size=\"40\" class=\"wpcf7-form-control wpcf7-captchar\" autocomplete=\"off\" aria-invalid=\"false\" value=\"\" type=\"text\" name=\"captcha-795\" \/><\/span>\n\t\t\t<\/p>\n\t\t<\/td>\n\t<\/tr>\n\t<tr>\n\t\t<td>\n\t\t<\/td>\n\t\t<td>\n\t\t\t<p><input class=\"wpcf7-form-control wpcf7-submit has-spinner\" type=\"submit\" value=\"Senden\" \/>\n\t\t\t<\/p>\n\t\t<\/td>\n\t<\/tr>\n<\/table><p style=\"display: none !important;\" class=\"akismet-fields-container\" data-prefix=\"_wpcf7_ak_\"><label>&#916;<textarea name=\"_wpcf7_ak_hp_textarea\" cols=\"45\" rows=\"8\" maxlength=\"100\"><\/textarea><\/label><input type=\"hidden\" id=\"ak_js_1\" name=\"_wpcf7_ak_js\" value=\"96\"\/><script>document.getElementById( \"ak_js_1\" ).setAttribute( \"value\", ( new Date() ).getTime() );<\/script><\/p><div class=\"wpcf7-response-output\" aria-hidden=\"true\"><\/div>\n<\/form>\n<\/div>\n<br \/>\nPeter K\u00fcenzi &#8211; Stiegenhof &#8211; 8602 Wangen<br \/>\nTel.: 044\/823 27 29 &#8211; Handy: 079\/402 33 69<\/p>\n<p>Haftungsausschluss<\/p>\n<p>Haftungshinweis: Trotz sorgf\u00e4ltiger inhaltlicher Kontrolle \u00fcbernehmen wir keine Haftung f\u00fcr die Inhalte externer Links. F\u00fcr den Inhalt der verlinkten Seiten sind ausschliesslich deren Betreiber verantwortlich.<\/p>\n<p>Wir \u00fcbernehmen keine Gew\u00e4hr f\u00fcr die Vollst\u00e4ndigkeit und Richtigkeit der hier ver\u00f6ffentlichten Inhalte und Abbildungen. Irrt\u00fcmer und \u00c4nderungen sind vorbehalten. Verl\u00e4sst sich ein Anwender auf diese Informationen, so geschieht dies auf eigenes Risiko. Diese Seiten enthalten u.U. Verkn\u00fcpfungen (Links) zu Seiten, die von anderen Unternehmen gepflegt werden und deren aktuelle Inhalte uns nicht bekannt sind. Aus diesem Grund distanzieren wir uns ausdr\u00fccklich von den Inhalten dieser Seiten. Die Kommunikation \u00fcber das Kontaktformular oder per E-Mail erfolgt in der Regel unverschl\u00fcsselt und kann unter Umst\u00e4nden von unberechtigten Dritten (Hacker) eingesehen werden. Dies nimmt der Anwender in Kauf und ber\u00fccksichtigt es bei der Angabe vertraulicher Informationen. Wir \u00fcbernehmen keinerlei Verantwortung oder Haftung f\u00fcr Sch\u00e4den jeder Form als Folge der Verwendung dieser Seiten. Ebenfalls erfolgt das Herunterladen von Daten jeder Art auf eigene Gefahr.<\/p>\n","protected":false},"excerpt":{"rendered":"<p>Peter K\u00fcenzi &#8211; Stiegenhof &#8211; 8602 Wangen Tel.: 044\/823 27 29 &#8211; Handy: 079\/402 33 69 Haftungsausschluss Haftungshinweis: Trotz sorgf\u00e4ltiger inhaltlicher Kontrolle \u00fcbernehmen wir keine Haftung f\u00fcr die Inhalte externer Links. F\u00fcr den Inhalt der verlinkten Seiten sind ausschliesslich deren &hellip; <a href=\"https:\/\/www.stiegenhof.ch\/?page_id=15\">Weiterlesen <span class=\"meta-nav\">&rarr;<\/span><\/a><\/p>\n","protected":false},"author":1,"featured_media":0,"parent":0,"menu_order":7,"comment_status":"closed","ping_status":"closed","template":"","meta":{"footnotes":""},"class_list":["post-15","page","type-page","status-publish","hentry"],"_links":{"self":[{"href":"https:\/\/www.stiegenhof.ch\/index.php?rest_route=\/wp\/v2\/pages\/15","targetHints":{"allow":["GET"]}}],"collection":[{"href":"https:\/\/www.stiegenhof.ch\/index.php?rest_route=\/wp\/v2\/pages"}],"about":[{"href":"https:\/\/www.stiegenhof.ch\/index.php?rest_route=\/wp\/v2\/types\/page"}],"author":[{"embeddable":true,"href":"https:\/\/www.stiegenhof.ch\/index.php?rest_route=\/wp\/v2\/users\/1"}],"replies":[{"embeddable":true,"href":"https:\/\/www.stiegenhof.ch\/index.php?rest_route=%2Fwp%2Fv2%2Fcomments&post=15"}],"version-history":[{"count":11,"href":"https:\/\/www.stiegenhof.ch\/index.php?rest_route=\/wp\/v2\/pages\/15\/revisions"}],"predecessor-version":[{"id":17,"href":"https:\/\/www.stiegenhof.ch\/index.php?rest_route=\/wp\/v2\/pages\/15\/revisions\/17"}],"wp:attachment":[{"href":"https:\/\/www.stiegenhof.ch\/index.php?rest_route=%2Fwp%2Fv2%2Fmedia&parent=15"}],"curies":[{"name":"wp","href":"https:\/\/api.w.org\/{rel}","templated":true}]}}