{"id":19,"date":"2012-04-17T09:00:07","date_gmt":"2012-04-17T08:00:07","guid":{"rendered":"http:\/\/www.stiegenhof.ch\/blog\/?page_id=19"},"modified":"2022-06-06T12:01:43","modified_gmt":"2022-06-06T11:01:43","slug":"der-hof","status":"publish","type":"page","link":"https:\/\/www.stiegenhof.ch\/?page_id=19","title":{"rendered":"Der Hof"},"content":{"rendered":"<p>Der Stiegenhof ist ein landwirtschaftlicher Betrieb, der neben dem Pensionsstall , auch\u00a0 Futter- und Ackerbau betreibt. Auch Wald geh\u00f6rt zum Betrieb, der das Holz f\u00fcr die Heizung und den Brennholzverkauf liefert. Das Futter stammt daher aus eigener Produktion. Bis zu 60% des produzierten Futters wird an fremde Betriebe als Pferdeheu verkauft. Seit 1999 wird keine Milchwirtschaft mehr betrieben. Der Betrieb wurde seither ganz auf die Pferdewirtschaft spezialisiert. Der Kuhstall ist zu einer grossz\u00fcgigen Sattelkammer mit einem gem\u00fctlichen Reiterst\u00fcbli\u00a0umgebaut worden. Im ehemaligen Futtertenn ist, der im Winter, beheizte Putzplatz und eine Nasszelle mit WC. Nebst Offenstall, geh\u00f6rt auch ein\u00a0Sandplatz sowie eine 20\u00a0x 40m grosse Reithalle dazu. Der Hof wird von\u00a0Peter K\u00fcenzi gef\u00fchrt.<\/p>\n<p>&nbsp;<\/p>\n<div data-carousel-extra='{\"blog_id\":1,\"permalink\":\"https:\\\/\\\/www.stiegenhof.ch\\\/?page_id=19\",\"likes_blog_id\":false}' id='gallery-1' class='gallery galleryid-19 gallery-columns-3 gallery-size-thumbnail'><dl class='gallery-item'>\n\t\t\t<dt class='gallery-icon landscape'>\n\t\t\t\t<a href='https:\/\/www.stiegenhof.ch\/?attachment_id=396'><img loading=\"lazy\" decoding=\"async\" width=\"150\" height=\"150\" src=\"https:\/\/www.stiegenhof.ch\/wp-content\/uploads\/2022\/06\/IMG-20211031-WA0006-150x150.jpg\" class=\"attachment-thumbnail size-thumbnail\" alt=\"\" data-attachment-id=\"396\" data-orig-file=\"https:\/\/www.stiegenhof.ch\/wp-content\/uploads\/2022\/06\/IMG-20211031-WA0006.jpg\" data-orig-size=\"2048,1365\" data-comments-opened=\"0\" data-image-meta=\"{&quot;aperture&quot;:&quot;0&quot;,&quot;credit&quot;:&quot;&quot;,&quot;camera&quot;:&quot;&quot;,&quot;caption&quot;:&quot;&quot;,&quot;created_timestamp&quot;:&quot;0&quot;,&quot;copyright&quot;:&quot;&quot;,&quot;focal_length&quot;:&quot;0&quot;,&quot;iso&quot;:&quot;0&quot;,&quot;shutter_speed&quot;:&quot;0&quot;,&quot;title&quot;:&quot;&quot;,&quot;orientation&quot;:&quot;0&quot;,&quot;keywords&quot;:&quot;Array&quot;}\" data-image-title=\"IMG-20211031-WA0006\" data-image-description=\"\" data-medium-file=\"https:\/\/www.stiegenhof.ch\/wp-content\/uploads\/2022\/06\/IMG-20211031-WA0006-300x200.jpg\" data-large-file=\"https:\/\/www.stiegenhof.ch\/wp-content\/uploads\/2022\/06\/IMG-20211031-WA0006-1024x683.jpg\" \/><\/a>\n\t\t\t<\/dt><\/dl>\n\t\t\t<br style='clear: both' \/>\n\t\t<\/div>\n\n","protected":false},"excerpt":{"rendered":"<p>Der Stiegenhof ist ein landwirtschaftlicher Betrieb, der neben dem Pensionsstall , auch\u00a0 Futter- und Ackerbau betreibt. Auch Wald geh\u00f6rt zum Betrieb, der das Holz f\u00fcr die Heizung und den Brennholzverkauf liefert. Das Futter stammt daher aus eigener Produktion. Bis zu &hellip; <a href=\"https:\/\/www.stiegenhof.ch\/?page_id=19\">Weiterlesen <span class=\"meta-nav\">&rarr;<\/span><\/a><\/p>\n","protected":false},"author":1,"featured_media":0,"parent":0,"menu_order":1,"comment_status":"closed","ping_status":"closed","template":"","meta":{"footnotes":""},"class_list":["post-19","page","type-page","status-publish","hentry"],"_links":{"self":[{"href":"https:\/\/www.stiegenhof.ch\/index.php?rest_route=\/wp\/v2\/pages\/19","targetHints":{"allow":["GET"]}}],"collection":[{"href":"https:\/\/www.stiegenhof.ch\/index.php?rest_route=\/wp\/v2\/pages"}],"about":[{"href":"https:\/\/www.stiegenhof.ch\/index.php?rest_route=\/wp\/v2\/types\/page"}],"author":[{"embeddable":true,"href":"https:\/\/www.stiegenhof.ch\/index.php?rest_route=\/wp\/v2\/users\/1"}],"replies":[{"embeddable":true,"href":"https:\/\/www.stiegenhof.ch\/index.php?rest_route=%2Fwp%2Fv2%2Fcomments&post=19"}],"version-history":[{"count":16,"href":"https:\/\/www.stiegenhof.ch\/index.php?rest_route=\/wp\/v2\/pages\/19\/revisions"}],"predecessor-version":[{"id":463,"href":"https:\/\/www.stiegenhof.ch\/index.php?rest_route=\/wp\/v2\/pages\/19\/revisions\/463"}],"wp:attachment":[{"href":"https:\/\/www.stiegenhof.ch\/index.php?rest_route=%2Fwp%2Fv2%2Fmedia&parent=19"}],"curies":[{"name":"wp","href":"https:\/\/api.w.org\/{rel}","templated":true}]}}