{"id":196,"date":"2013-02-05T09:47:29","date_gmt":"2013-02-05T08:47:29","guid":{"rendered":"http:\/\/www.stiegenhof.ch\/blog\/?page_id=196"},"modified":"2013-08-10T07:43:30","modified_gmt":"2013-08-10T06:43:30","slug":"schneeraumung","status":"publish","type":"page","link":"https:\/\/www.stiegenhof.ch\/?page_id=196","title":{"rendered":"Schneer\u00e4umung"},"content":{"rendered":"<p>Mit Traktor und Schneepflug werden im Winter bei Schneefall Parkpl\u00e4tze und Areale in Wangen-Br\u00fcttisellen und Volketswil vom Schnee ger\u00e4umt. Die Schneer\u00e4umung wird in Gemeinschaft durchgef\u00fchrt. Es gehen im Bedarfsfall jeweils ein Traktor nach Wangen-Br\u00fcttisellen und einer nach Volketswil. Da wir 3 Fahrer, mit 3 voll ausger\u00fcsteten Fahrzeugen sind, bereitet auch ein Ausfall einer Maschine\/eines Fahrers absolut kein Problem. Auf Wunsch kann nach der Schneer\u00e4umung auch Salz gestreut werden.<br \/>\n<div data-carousel-extra='{\"blog_id\":1,\"permalink\":\"https:\\\/\\\/www.stiegenhof.ch\\\/?page_id=196\",\"likes_blog_id\":false}' id='gallery-1' class='gallery galleryid-196 gallery-columns-4 gallery-size-thumbnail'><dl class='gallery-item'>\n\t\t\t<dt class='gallery-icon landscape'>\n\t\t\t\t<a href='https:\/\/www.stiegenhof.ch\/?attachment_id=263'><img loading=\"lazy\" decoding=\"async\" width=\"150\" height=\"150\" src=\"https:\/\/www.stiegenhof.ch\/wp-content\/uploads\/2013\/05\/Schneer\u00e4umung2-150x150.jpg\" class=\"attachment-thumbnail size-thumbnail\" alt=\"\" data-attachment-id=\"263\" data-orig-file=\"https:\/\/www.stiegenhof.ch\/wp-content\/uploads\/2013\/05\/Schneer\u00e4umung2.jpg\" data-orig-size=\"600,450\" data-comments-opened=\"0\" data-image-meta=\"{&quot;aperture&quot;:&quot;3.2&quot;,&quot;credit&quot;:&quot;&quot;,&quot;camera&quot;:&quot;C702&quot;,&quot;caption&quot;:&quot;&quot;,&quot;created_timestamp&quot;:&quot;1230815340&quot;,&quot;copyright&quot;:&quot;&quot;,&quot;focal_length&quot;:&quot;4.2&quot;,&quot;iso&quot;:&quot;100&quot;,&quot;shutter_speed&quot;:&quot;0.00125&quot;,&quot;title&quot;:&quot;&quot;}\" data-image-title=\"Schneer\u00e4umung2\" data-image-description=\"\" data-medium-file=\"https:\/\/www.stiegenhof.ch\/wp-content\/uploads\/2013\/05\/Schneer\u00e4umung2-300x225.jpg\" data-large-file=\"https:\/\/www.stiegenhof.ch\/wp-content\/uploads\/2013\/05\/Schneer\u00e4umung2.jpg\" \/><\/a>\n\t\t\t<\/dt><\/dl><dl class='gallery-item'>\n\t\t\t<dt class='gallery-icon landscape'>\n\t\t\t\t<a href='https:\/\/www.stiegenhof.ch\/?attachment_id=264'><img loading=\"lazy\" decoding=\"async\" width=\"150\" height=\"150\" src=\"https:\/\/www.stiegenhof.ch\/wp-content\/uploads\/2013\/05\/Schneer\u00e4umung3-150x150.jpg\" class=\"attachment-thumbnail size-thumbnail\" alt=\"\" data-attachment-id=\"264\" data-orig-file=\"https:\/\/www.stiegenhof.ch\/wp-content\/uploads\/2013\/05\/Schneer\u00e4umung3.jpg\" data-orig-size=\"600,450\" data-comments-opened=\"0\" data-image-meta=\"{&quot;aperture&quot;:&quot;3.2&quot;,&quot;credit&quot;:&quot;&quot;,&quot;camera&quot;:&quot;C702&quot;,&quot;caption&quot;:&quot;&quot;,&quot;created_timestamp&quot;:&quot;1230818540&quot;,&quot;copyright&quot;:&quot;&quot;,&quot;focal_length&quot;:&quot;4.2&quot;,&quot;iso&quot;:&quot;100&quot;,&quot;shutter_speed&quot;:&quot;0.0015625&quot;,&quot;title&quot;:&quot;&quot;}\" data-image-title=\"Schneer\u00e4umung3\" data-image-description=\"\" data-medium-file=\"https:\/\/www.stiegenhof.ch\/wp-content\/uploads\/2013\/05\/Schneer\u00e4umung3-300x225.jpg\" data-large-file=\"https:\/\/www.stiegenhof.ch\/wp-content\/uploads\/2013\/05\/Schneer\u00e4umung3.jpg\" \/><\/a>\n\t\t\t<\/dt><\/dl><dl class='gallery-item'>\n\t\t\t<dt class='gallery-icon landscape'>\n\t\t\t\t<a href='https:\/\/www.stiegenhof.ch\/?attachment_id=262'><img loading=\"lazy\" decoding=\"async\" width=\"150\" height=\"150\" src=\"https:\/\/www.stiegenhof.ch\/wp-content\/uploads\/2013\/05\/Schneer\u00e4umung1-150x150.jpg\" class=\"attachment-thumbnail size-thumbnail\" alt=\"\" data-attachment-id=\"262\" data-orig-file=\"https:\/\/www.stiegenhof.ch\/wp-content\/uploads\/2013\/05\/Schneer\u00e4umung1.jpg\" data-orig-size=\"600,450\" data-comments-opened=\"0\" data-image-meta=\"{&quot;aperture&quot;:&quot;3.2&quot;,&quot;credit&quot;:&quot;&quot;,&quot;camera&quot;:&quot;C702&quot;,&quot;caption&quot;:&quot;&quot;,&quot;created_timestamp&quot;:&quot;1230815292&quot;,&quot;copyright&quot;:&quot;&quot;,&quot;focal_length&quot;:&quot;4.2&quot;,&quot;iso&quot;:&quot;100&quot;,&quot;shutter_speed&quot;:&quot;0.001&quot;,&quot;title&quot;:&quot;&quot;}\" data-image-title=\"Schneer\u00e4umung1\" data-image-description=\"\" data-medium-file=\"https:\/\/www.stiegenhof.ch\/wp-content\/uploads\/2013\/05\/Schneer\u00e4umung1-300x225.jpg\" data-large-file=\"https:\/\/www.stiegenhof.ch\/wp-content\/uploads\/2013\/05\/Schneer\u00e4umung1.jpg\" \/><\/a>\n\t\t\t<\/dt><\/dl>\n\t\t\t<br style='clear: both' \/>\n\t\t<\/div>\n<\/p>\n<p>F\u00fcr regelm\u00e4ssige Eins\u00e4tze gelten folgende Preise:<\/p>\n<p>Bereitschaftspauschale j\u00e4hrlich:\u00a0\u00a0\u00a0\u00a0\u00a0\u00a0\u00a0\u00a0\u00a0\u00a0\u00a0\u00a0\u00a0\u00a0\u00a0\u00a0\u00a0\u00a0\u00a0\u00a0\u00a0\u00a0\u00a0\u00a0\u00a0\u00a0\u00a0 Fr. 300.&#8211;<\/p>\n<p>Abgeltung Schneer\u00e4umung pro Stunde\u00a0\u00a0\u00a0\u00a0\u00a0\u00a0\u00a0\u00a0\u00a0\u00a0\u00a0\u00a0\u00a0\u00a0\u00a0 Fr. 158.&#8211;<\/p>\n<p>Spontane Eins\u00e4tze auf Anfrage m\u00f6glich<\/p>\n<p>&nbsp;<\/p>\n","protected":false},"excerpt":{"rendered":"<p>Mit Traktor und Schneepflug werden im Winter bei Schneefall Parkpl\u00e4tze und Areale in Wangen-Br\u00fcttisellen und Volketswil vom Schnee ger\u00e4umt. Die Schneer\u00e4umung wird in Gemeinschaft durchgef\u00fchrt. Es gehen im Bedarfsfall jeweils ein Traktor nach Wangen-Br\u00fcttisellen und einer nach Volketswil. Da wir &hellip; <a href=\"https:\/\/www.stiegenhof.ch\/?page_id=196\">Weiterlesen <span class=\"meta-nav\">&rarr;<\/span><\/a><\/p>\n","protected":false},"author":1,"featured_media":0,"parent":178,"menu_order":3,"comment_status":"closed","ping_status":"closed","template":"","meta":{"footnotes":""},"class_list":["post-196","page","type-page","status-publish","hentry"],"_links":{"self":[{"href":"https:\/\/www.stiegenhof.ch\/index.php?rest_route=\/wp\/v2\/pages\/196","targetHints":{"allow":["GET"]}}],"collection":[{"href":"https:\/\/www.stiegenhof.ch\/index.php?rest_route=\/wp\/v2\/pages"}],"about":[{"href":"https:\/\/www.stiegenhof.ch\/index.php?rest_route=\/wp\/v2\/types\/page"}],"author":[{"embeddable":true,"href":"https:\/\/www.stiegenhof.ch\/index.php?rest_route=\/wp\/v2\/users\/1"}],"replies":[{"embeddable":true,"href":"https:\/\/www.stiegenhof.ch\/index.php?rest_route=%2Fwp%2Fv2%2Fcomments&post=196"}],"version-history":[{"count":9,"href":"https:\/\/www.stiegenhof.ch\/index.php?rest_route=\/wp\/v2\/pages\/196\/revisions"}],"predecessor-version":[{"id":475,"href":"https:\/\/www.stiegenhof.ch\/index.php?rest_route=\/wp\/v2\/pages\/196\/revisions\/475"}],"up":[{"embeddable":true,"href":"https:\/\/www.stiegenhof.ch\/index.php?rest_route=\/wp\/v2\/pages\/178"}],"wp:attachment":[{"href":"https:\/\/www.stiegenhof.ch\/index.php?rest_route=%2Fwp%2Fv2%2Fmedia&parent=196"}],"curies":[{"name":"wp","href":"https:\/\/api.w.org\/{rel}","templated":true}]}}