{"id":23,"date":"2012-04-17T09:22:31","date_gmt":"2012-04-17T08:22:31","guid":{"rendered":"http:\/\/www.stiegenhof.ch\/blog\/?page_id=23"},"modified":"2013-02-05T09:29:15","modified_gmt":"2013-02-05T08:29:15","slug":"stall","status":"publish","type":"page","link":"https:\/\/www.stiegenhof.ch\/?page_id=23","title":{"rendered":"Stall"},"content":{"rendered":"<p>Der Stiegenhof als Pensionsstall<br \/>\nAuf dem Stiegenhof werden die Pferde seit Beginn immer in einem Offen- \/ Freilaufstall gehalten. Angefangen hat alles mit f\u00fcnf Ponys und einem Esel. Der Stall wurde gr\u00f6sser und die Zahl der Pferde nahm stetig zu.<\/p>\n<p>Die Pferde und Ponys k\u00f6nnen sich auf 900m2 befestigter Stallfl\u00e4che bewegen. Sie k\u00f6nnen w\u00e4hlen, ob sie im Fressbereich, im Strohbett oder auf dem gedeckten oder ungedeckten Schnitzelplatz verweilen m\u00f6chten.<br \/>\nZum Wohlbefinden tragen auch die in einem aufgeh\u00e4ngten Autoreifen deponierten Salz- und Mineralstofflecksteine bei, sowie ein grosser Brunnen, der jeden Durst l\u00f6scht. Aber das Wichtigste f\u00fcr die Pferde sind die grossen Weiden, wo sie richtig Dampf ablassen k\u00f6nnen und das &#8211; mit Ausnahmen &#8211; t\u00e4glich im Sommer wie im Winter.<br \/>\nF\u00fcr das Reitvergn\u00fcgen unserer Pension\u00e4re stehen ein fantastisches Reitgebiet, ein Sandplatz und sowie eine 20 x 40m grosse Reithalle zur Verf\u00fcgung. Was will man mehr?<\/p>\n","protected":false},"excerpt":{"rendered":"<p>Der Stiegenhof als Pensionsstall Auf dem Stiegenhof werden die Pferde seit Beginn immer in einem Offen- \/ Freilaufstall gehalten. Angefangen hat alles mit f\u00fcnf Ponys und einem Esel. Der Stall wurde gr\u00f6sser und die Zahl der Pferde nahm stetig zu. &hellip; <a href=\"https:\/\/www.stiegenhof.ch\/?page_id=23\">Weiterlesen <span class=\"meta-nav\">&rarr;<\/span><\/a><\/p>\n","protected":false},"author":1,"featured_media":0,"parent":0,"menu_order":2,"comment_status":"closed","ping_status":"closed","template":"","meta":{"footnotes":""},"class_list":["post-23","page","type-page","status-publish","hentry"],"_links":{"self":[{"href":"https:\/\/www.stiegenhof.ch\/index.php?rest_route=\/wp\/v2\/pages\/23","targetHints":{"allow":["GET"]}}],"collection":[{"href":"https:\/\/www.stiegenhof.ch\/index.php?rest_route=\/wp\/v2\/pages"}],"about":[{"href":"https:\/\/www.stiegenhof.ch\/index.php?rest_route=\/wp\/v2\/types\/page"}],"author":[{"embeddable":true,"href":"https:\/\/www.stiegenhof.ch\/index.php?rest_route=\/wp\/v2\/users\/1"}],"replies":[{"embeddable":true,"href":"https:\/\/www.stiegenhof.ch\/index.php?rest_route=%2Fwp%2Fv2%2Fcomments&post=23"}],"version-history":[{"count":3,"href":"https:\/\/www.stiegenhof.ch\/index.php?rest_route=\/wp\/v2\/pages\/23\/revisions"}],"predecessor-version":[{"id":182,"href":"https:\/\/www.stiegenhof.ch\/index.php?rest_route=\/wp\/v2\/pages\/23\/revisions\/182"}],"wp:attachment":[{"href":"https:\/\/www.stiegenhof.ch\/index.php?rest_route=%2Fwp%2Fv2%2Fmedia&parent=23"}],"curies":[{"name":"wp","href":"https:\/\/api.w.org\/{rel}","templated":true}]}}