{"id":27,"date":"2012-04-17T09:24:13","date_gmt":"2012-04-17T08:24:13","guid":{"rendered":"http:\/\/www.stiegenhof.ch\/blog\/?page_id=27"},"modified":"2022-06-06T12:32:11","modified_gmt":"2022-06-06T11:32:11","slug":"offenstall","status":"publish","type":"page","link":"https:\/\/www.stiegenhof.ch\/?page_id=27","title":{"rendered":"Offenstall"},"content":{"rendered":"<p>&nbsp;<\/p>\n<p>Der Offenstall besteht aus zwei Fressbereichen, zwei Liegehallen und diversen Ausl\u00e4ufen mit verschiedenen Bodenbel\u00e4gen. Es ist ein Kaltstall, mit viel Auslauf, der m\u00f6glichst naturnahe Lebensgrundlagen bietet. Die Pferde k\u00f6nnen sich an einer Futterachse, beidseitig, mit dem n\u00f6tigen Grundfutter versorgen. Gef\u00fcttert wird mittels Vorratf\u00fctterung, vor allem Heu aus dem eigenen Betrieb. Die Futterachse wird mittels Zeitschaltuhr gesteuert. Sie ist in einem Zeitraum von 24h viermal ge\u00f6ffnet.<\/p>\n<p>In der Liegehalle k\u00f6nnen die Pferde auf einem Strohbett ruhen. Eine zweite Liegem\u00f6glichkeit bietet der \u00fcberdachte Aussenplatz mit Holzschnitzelstreu. Verbunden sind diese Bereiche mit mehreren teilweise strukturierten Pl\u00e4tzen mit unterschiedlichen Bodenbel\u00e4gen. Als Wassertr\u00e4nke dient der alte Dorfbrunnen von Wangen, der an heissen Tagen gen\u00fcgend Wasser hat, und an kalten Tagen, dank dem grossen Volumen, praktisch nie zufriert.<\/p>\n<p>Jeder Bereich hat Ein- und Ausgang, damit rangniedere Pferde einfach weichen k\u00f6nnen. Im Strohbett, in einem Reifen,\u00a0k\u00f6nnen die Pferde ihren Bedarf an Salz und Mineralstoffen abdecken. Da die Tiere das ganze Jahr \u00fcber draussen sind, m\u00fcssen sie im Winter nicht abgedeckt werden, sondern k\u00f6nnen ganz nat\u00fcrlich gen\u00fcgend Fell machen. Wenn sie nach dem Ausritt schwitzen sollten, gen\u00fcgt eine Abschwitzdecke, welche nach Absprache jeweils beim morgendlichen- oder abendlichen Stallmisten des Betriebsleiters, wieder abgezogen und aufgeh\u00e4ngt wird.<\/p>\n<p>F\u00fctterungsautomat<\/p>\n<p>Mit dem F\u00fctterungsautomat der Firma Schauer k\u00f6nnen die Pferde, die nicht gen\u00fcgend Futter an der Futterachse bekommen, individuell am Automaten mehr Heu fressen. Es wird zus\u00e4tzlich ein Mineralfutter abgegeben und es w\u00e4re auch m\u00f6glich ein Kraftfutter auf mehrere Male im Tag zu verteilen. Die Tiere bekommen ein Sender, der Mittels einem Band einfach am Bein befestigt werden kann.<\/p>\n<div data-carousel-extra='{\"blog_id\":1,\"permalink\":\"https:\\\/\\\/www.stiegenhof.ch\\\/?page_id=27\",\"likes_blog_id\":false}' id='gallery-1' class='gallery galleryid-27 gallery-columns-4 gallery-size-thumbnail'><dl class='gallery-item'>\n\t\t\t<dt class='gallery-icon landscape'>\n\t\t\t\t<a href='https:\/\/www.stiegenhof.ch\/?attachment_id=398'><img loading=\"lazy\" decoding=\"async\" width=\"150\" height=\"150\" src=\"https:\/\/www.stiegenhof.ch\/wp-content\/uploads\/2022\/06\/20220512_1536041-150x150.jpg\" class=\"attachment-thumbnail size-thumbnail\" alt=\"\" aria-describedby=\"gallery-1-398\" data-attachment-id=\"398\" data-orig-file=\"https:\/\/www.stiegenhof.ch\/wp-content\/uploads\/2022\/06\/20220512_1536041.jpg\" data-orig-size=\"4000,3000\" data-comments-opened=\"0\" data-image-meta=\"{&quot;aperture&quot;:&quot;1.7&quot;,&quot;credit&quot;:&quot;&quot;,&quot;camera&quot;:&quot;SM-G715FN&quot;,&quot;caption&quot;:&quot;&quot;,&quot;created_timestamp&quot;:&quot;1652369765&quot;,&quot;copyright&quot;:&quot;&quot;,&quot;focal_length&quot;:&quot;3.92&quot;,&quot;iso&quot;:&quot;40&quot;,&quot;shutter_speed&quot;:&quot;0.00081632653061224&quot;,&quot;title&quot;:&quot;&quot;,&quot;orientation&quot;:&quot;1&quot;,&quot;keywords&quot;:&quot;Array&quot;}\" data-image-title=\"20220512_153604[1]\" data-image-description=\"\" data-medium-file=\"https:\/\/www.stiegenhof.ch\/wp-content\/uploads\/2022\/06\/20220512_1536041-300x225.jpg\" data-large-file=\"https:\/\/www.stiegenhof.ch\/wp-content\/uploads\/2022\/06\/20220512_1536041-1024x768.jpg\" \/><\/a>\n\t\t\t<\/dt>\n\t\t\t\t<dd class='wp-caption-text gallery-caption' id='gallery-1-398'>\n\t\t\t\tAuslauf mit nat\u00fcrlichen Elementen strukturiert\n\t\t\t\t<\/dd><\/dl><dl class='gallery-item'>\n\t\t\t<dt class='gallery-icon landscape'>\n\t\t\t\t<a href='https:\/\/www.stiegenhof.ch\/?attachment_id=399'><img loading=\"lazy\" decoding=\"async\" width=\"150\" height=\"150\" src=\"https:\/\/www.stiegenhof.ch\/wp-content\/uploads\/2022\/06\/20220512_1536101-150x150.jpg\" class=\"attachment-thumbnail size-thumbnail\" alt=\"\" aria-describedby=\"gallery-1-399\" data-attachment-id=\"399\" data-orig-file=\"https:\/\/www.stiegenhof.ch\/wp-content\/uploads\/2022\/06\/20220512_1536101.jpg\" data-orig-size=\"4000,3000\" data-comments-opened=\"0\" data-image-meta=\"{&quot;aperture&quot;:&quot;1.7&quot;,&quot;credit&quot;:&quot;&quot;,&quot;camera&quot;:&quot;SM-G715FN&quot;,&quot;caption&quot;:&quot;&quot;,&quot;created_timestamp&quot;:&quot;1652369770&quot;,&quot;copyright&quot;:&quot;&quot;,&quot;focal_length&quot;:&quot;3.92&quot;,&quot;iso&quot;:&quot;40&quot;,&quot;shutter_speed&quot;:&quot;0.0005998800239952&quot;,&quot;title&quot;:&quot;&quot;,&quot;orientation&quot;:&quot;1&quot;,&quot;keywords&quot;:&quot;Array&quot;}\" data-image-title=\"20220512_153610[1]\" data-image-description=\"\" data-medium-file=\"https:\/\/www.stiegenhof.ch\/wp-content\/uploads\/2022\/06\/20220512_1536101-300x225.jpg\" data-large-file=\"https:\/\/www.stiegenhof.ch\/wp-content\/uploads\/2022\/06\/20220512_1536101-1024x768.jpg\" \/><\/a>\n\t\t\t<\/dt>\n\t\t\t\t<dd class='wp-caption-text gallery-caption' id='gallery-1-399'>\n\t\t\t\tAuslauf\n\t\t\t\t<\/dd><\/dl><dl class='gallery-item'>\n\t\t\t<dt class='gallery-icon landscape'>\n\t\t\t\t<a href='https:\/\/www.stiegenhof.ch\/?attachment_id=121'><img loading=\"lazy\" decoding=\"async\" width=\"150\" height=\"150\" src=\"https:\/\/www.stiegenhof.ch\/wp-content\/uploads\/2013\/01\/Stall16-150x150.jpg\" class=\"attachment-thumbnail size-thumbnail\" alt=\"\" aria-describedby=\"gallery-1-121\" data-attachment-id=\"121\" data-orig-file=\"https:\/\/www.stiegenhof.ch\/wp-content\/uploads\/2013\/01\/Stall16.jpg\" data-orig-size=\"600,399\" data-comments-opened=\"0\" data-image-meta=\"{&quot;aperture&quot;:&quot;3.5&quot;,&quot;credit&quot;:&quot;&quot;,&quot;camera&quot;:&quot;NIKON D70&quot;,&quot;caption&quot;:&quot;&quot;,&quot;created_timestamp&quot;:&quot;1331654178&quot;,&quot;copyright&quot;:&quot;&quot;,&quot;focal_length&quot;:&quot;18&quot;,&quot;iso&quot;:&quot;0&quot;,&quot;shutter_speed&quot;:&quot;0.004&quot;,&quot;title&quot;:&quot;&quot;}\" data-image-title=\"Stall16\" data-image-description=\"\" data-medium-file=\"https:\/\/www.stiegenhof.ch\/wp-content\/uploads\/2013\/01\/Stall16-300x199.jpg\" data-large-file=\"https:\/\/www.stiegenhof.ch\/wp-content\/uploads\/2013\/01\/Stall16.jpg\" \/><\/a>\n\t\t\t<\/dt>\n\t\t\t\t<dd class='wp-caption-text gallery-caption' id='gallery-1-121'>\n\t\t\t\tLiegehalle mit Stroh\n\t\t\t\t<\/dd><\/dl><dl class='gallery-item'>\n\t\t\t<dt class='gallery-icon portrait'>\n\t\t\t\t<a href='https:\/\/www.stiegenhof.ch\/?attachment_id=404'><img loading=\"lazy\" decoding=\"async\" width=\"150\" height=\"150\" src=\"https:\/\/www.stiegenhof.ch\/wp-content\/uploads\/2022\/06\/20220512_1536261-1-e1654514170117-150x150.jpg\" class=\"attachment-thumbnail size-thumbnail\" alt=\"\" aria-describedby=\"gallery-1-404\" data-attachment-id=\"404\" data-orig-file=\"https:\/\/www.stiegenhof.ch\/wp-content\/uploads\/2022\/06\/20220512_1536261-1-e1654514170117.jpg\" data-orig-size=\"3000,4000\" data-comments-opened=\"0\" data-image-meta=\"{&quot;aperture&quot;:&quot;1.7&quot;,&quot;credit&quot;:&quot;&quot;,&quot;camera&quot;:&quot;SM-G715FN&quot;,&quot;caption&quot;:&quot;&quot;,&quot;created_timestamp&quot;:&quot;1652369787&quot;,&quot;copyright&quot;:&quot;&quot;,&quot;focal_length&quot;:&quot;3.92&quot;,&quot;iso&quot;:&quot;40&quot;,&quot;shutter_speed&quot;:&quot;0.0015600624024961&quot;,&quot;title&quot;:&quot;&quot;,&quot;orientation&quot;:&quot;6&quot;,&quot;keywords&quot;:&quot;Array&quot;}\" data-image-title=\"20220512_153626[1]\" data-image-description=\"\" data-medium-file=\"https:\/\/www.stiegenhof.ch\/wp-content\/uploads\/2022\/06\/20220512_1536261-1-e1654514170117-225x300.jpg\" data-large-file=\"https:\/\/www.stiegenhof.ch\/wp-content\/uploads\/2022\/06\/20220512_1536261-1-e1654514170117-768x1024.jpg\" \/><\/a>\n\t\t\t<\/dt>\n\t\t\t\t<dd class='wp-caption-text gallery-caption' id='gallery-1-404'>\n\t\t\t\tKratzb\u00fcrste\n\t\t\t\t<\/dd><\/dl><br style=\"clear: both\" \/><dl class='gallery-item'>\n\t\t\t<dt class='gallery-icon landscape'>\n\t\t\t\t<a href='https:\/\/www.stiegenhof.ch\/?attachment_id=120'><img loading=\"lazy\" decoding=\"async\" width=\"150\" height=\"150\" src=\"https:\/\/www.stiegenhof.ch\/wp-content\/uploads\/2013\/01\/Stall15-150x150.jpg\" class=\"attachment-thumbnail size-thumbnail\" alt=\"\" aria-describedby=\"gallery-1-120\" data-attachment-id=\"120\" data-orig-file=\"https:\/\/www.stiegenhof.ch\/wp-content\/uploads\/2013\/01\/Stall15.jpg\" data-orig-size=\"600,399\" data-comments-opened=\"0\" data-image-meta=\"{&quot;aperture&quot;:&quot;3.5&quot;,&quot;credit&quot;:&quot;&quot;,&quot;camera&quot;:&quot;NIKON D70&quot;,&quot;caption&quot;:&quot;&quot;,&quot;created_timestamp&quot;:&quot;1331654147&quot;,&quot;copyright&quot;:&quot;&quot;,&quot;focal_length&quot;:&quot;18&quot;,&quot;iso&quot;:&quot;0&quot;,&quot;shutter_speed&quot;:&quot;0.0025&quot;,&quot;title&quot;:&quot;&quot;}\" data-image-title=\"Stall15\" data-image-description=\"\" data-medium-file=\"https:\/\/www.stiegenhof.ch\/wp-content\/uploads\/2013\/01\/Stall15-300x199.jpg\" data-large-file=\"https:\/\/www.stiegenhof.ch\/wp-content\/uploads\/2013\/01\/Stall15.jpg\" \/><\/a>\n\t\t\t<\/dt>\n\t\t\t\t<dd class='wp-caption-text gallery-caption' id='gallery-1-120'>\n\t\t\t\tFressbereich\n\t\t\t\t<\/dd><\/dl><dl class='gallery-item'>\n\t\t\t<dt class='gallery-icon landscape'>\n\t\t\t\t<a href='https:\/\/www.stiegenhof.ch\/?attachment_id=115'><img loading=\"lazy\" decoding=\"async\" width=\"150\" height=\"150\" src=\"https:\/\/www.stiegenhof.ch\/wp-content\/uploads\/2013\/01\/Stall10-150x150.jpg\" class=\"attachment-thumbnail size-thumbnail\" alt=\"\" aria-describedby=\"gallery-1-115\" data-attachment-id=\"115\" data-orig-file=\"https:\/\/www.stiegenhof.ch\/wp-content\/uploads\/2013\/01\/Stall10.jpg\" data-orig-size=\"600,399\" data-comments-opened=\"0\" data-image-meta=\"{&quot;aperture&quot;:&quot;10&quot;,&quot;credit&quot;:&quot;&quot;,&quot;camera&quot;:&quot;NIKON D70&quot;,&quot;caption&quot;:&quot;&quot;,&quot;created_timestamp&quot;:&quot;1331654089&quot;,&quot;copyright&quot;:&quot;&quot;,&quot;focal_length&quot;:&quot;50&quot;,&quot;iso&quot;:&quot;0&quot;,&quot;shutter_speed&quot;:&quot;0.002&quot;,&quot;title&quot;:&quot;&quot;}\" data-image-title=\"Stall10\" data-image-description=\"\" data-medium-file=\"https:\/\/www.stiegenhof.ch\/wp-content\/uploads\/2013\/01\/Stall10-300x199.jpg\" data-large-file=\"https:\/\/www.stiegenhof.ch\/wp-content\/uploads\/2013\/01\/Stall10.jpg\" \/><\/a>\n\t\t\t<\/dt>\n\t\t\t\t<dd class='wp-caption-text gallery-caption' id='gallery-1-115'>\n\t\t\t\tLiegebereich mit Holzschnitzel\n\t\t\t\t<\/dd><\/dl><dl class='gallery-item'>\n\t\t\t<dt class='gallery-icon landscape'>\n\t\t\t\t<a href='https:\/\/www.stiegenhof.ch\/?attachment_id=110'><img loading=\"lazy\" decoding=\"async\" width=\"150\" height=\"150\" src=\"https:\/\/www.stiegenhof.ch\/wp-content\/uploads\/2013\/01\/Stall5-150x150.jpg\" class=\"attachment-thumbnail size-thumbnail\" alt=\"\" aria-describedby=\"gallery-1-110\" data-attachment-id=\"110\" data-orig-file=\"https:\/\/www.stiegenhof.ch\/wp-content\/uploads\/2013\/01\/Stall5.jpg\" data-orig-size=\"600,399\" data-comments-opened=\"0\" data-image-meta=\"{&quot;aperture&quot;:&quot;5&quot;,&quot;credit&quot;:&quot;&quot;,&quot;camera&quot;:&quot;NIKON D70&quot;,&quot;caption&quot;:&quot;&quot;,&quot;created_timestamp&quot;:&quot;1331654050&quot;,&quot;copyright&quot;:&quot;&quot;,&quot;focal_length&quot;:&quot;18&quot;,&quot;iso&quot;:&quot;0&quot;,&quot;shutter_speed&quot;:&quot;0.002&quot;,&quot;title&quot;:&quot;&quot;}\" data-image-title=\"Stall5\" data-image-description=\"\" data-medium-file=\"https:\/\/www.stiegenhof.ch\/wp-content\/uploads\/2013\/01\/Stall5-300x199.jpg\" data-large-file=\"https:\/\/www.stiegenhof.ch\/wp-content\/uploads\/2013\/01\/Stall5.jpg\" \/><\/a>\n\t\t\t<\/dt>\n\t\t\t\t<dd class='wp-caption-text gallery-caption' id='gallery-1-110'>\n\t\t\t\tFressbereich\n\t\t\t\t<\/dd><\/dl><dl class='gallery-item'>\n\t\t\t<dt class='gallery-icon landscape'>\n\t\t\t\t<a href='https:\/\/www.stiegenhof.ch\/?attachment_id=401'><img loading=\"lazy\" decoding=\"async\" width=\"150\" height=\"150\" src=\"https:\/\/www.stiegenhof.ch\/wp-content\/uploads\/2022\/06\/20220512_1536321-150x150.jpg\" class=\"attachment-thumbnail size-thumbnail\" alt=\"\" aria-describedby=\"gallery-1-401\" data-attachment-id=\"401\" data-orig-file=\"https:\/\/www.stiegenhof.ch\/wp-content\/uploads\/2022\/06\/20220512_1536321.jpg\" data-orig-size=\"4000,3000\" data-comments-opened=\"0\" data-image-meta=\"{&quot;aperture&quot;:&quot;1.7&quot;,&quot;credit&quot;:&quot;&quot;,&quot;camera&quot;:&quot;SM-G715FN&quot;,&quot;caption&quot;:&quot;&quot;,&quot;created_timestamp&quot;:&quot;1652369792&quot;,&quot;copyright&quot;:&quot;&quot;,&quot;focal_length&quot;:&quot;3.92&quot;,&quot;iso&quot;:&quot;40&quot;,&quot;shutter_speed&quot;:&quot;0.00075585789871504&quot;,&quot;title&quot;:&quot;&quot;,&quot;orientation&quot;:&quot;1&quot;,&quot;keywords&quot;:&quot;Array&quot;}\" data-image-title=\"20220512_153632[1]\" data-image-description=\"\" data-medium-file=\"https:\/\/www.stiegenhof.ch\/wp-content\/uploads\/2022\/06\/20220512_1536321-300x225.jpg\" data-large-file=\"https:\/\/www.stiegenhof.ch\/wp-content\/uploads\/2022\/06\/20220512_1536321-1024x768.jpg\" \/><\/a>\n\t\t\t<\/dt>\n\t\t\t\t<dd class='wp-caption-text gallery-caption' id='gallery-1-401'>\n\t\t\t\tWasserstelle\n\t\t\t\t<\/dd><\/dl><br style=\"clear: both\" \/><dl class='gallery-item'>\n\t\t\t<dt class='gallery-icon landscape'>\n\t\t\t\t<a href='https:\/\/www.stiegenhof.ch\/?attachment_id=106'><img loading=\"lazy\" decoding=\"async\" width=\"150\" height=\"150\" src=\"https:\/\/www.stiegenhof.ch\/wp-content\/uploads\/2013\/01\/Stall1-150x150.jpg\" class=\"attachment-thumbnail size-thumbnail\" alt=\"\" aria-describedby=\"gallery-1-106\" data-attachment-id=\"106\" data-orig-file=\"https:\/\/www.stiegenhof.ch\/wp-content\/uploads\/2013\/01\/Stall1.jpg\" data-orig-size=\"600,399\" data-comments-opened=\"0\" data-image-meta=\"{&quot;aperture&quot;:&quot;9&quot;,&quot;credit&quot;:&quot;&quot;,&quot;camera&quot;:&quot;NIKON D70&quot;,&quot;caption&quot;:&quot;&quot;,&quot;created_timestamp&quot;:&quot;1331653989&quot;,&quot;copyright&quot;:&quot;&quot;,&quot;focal_length&quot;:&quot;18&quot;,&quot;iso&quot;:&quot;0&quot;,&quot;shutter_speed&quot;:&quot;0.002&quot;,&quot;title&quot;:&quot;&quot;}\" data-image-title=\"Stall1\" data-image-description=\"\" data-medium-file=\"https:\/\/www.stiegenhof.ch\/wp-content\/uploads\/2013\/01\/Stall1-300x199.jpg\" data-large-file=\"https:\/\/www.stiegenhof.ch\/wp-content\/uploads\/2013\/01\/Stall1.jpg\" \/><\/a>\n\t\t\t<\/dt>\n\t\t\t\t<dd class='wp-caption-text gallery-caption' id='gallery-1-106'>\n\t\t\t\tStrukturierter Auslauf\n\t\t\t\t<\/dd><\/dl><dl class='gallery-item'>\n\t\t\t<dt class='gallery-icon landscape'>\n\t\t\t\t<a href='https:\/\/www.stiegenhof.ch\/?attachment_id=402'><img loading=\"lazy\" decoding=\"async\" width=\"150\" height=\"150\" src=\"https:\/\/www.stiegenhof.ch\/wp-content\/uploads\/2022\/06\/20220512_1536371-150x150.jpg\" class=\"attachment-thumbnail size-thumbnail\" alt=\"\" aria-describedby=\"gallery-1-402\" data-attachment-id=\"402\" data-orig-file=\"https:\/\/www.stiegenhof.ch\/wp-content\/uploads\/2022\/06\/20220512_1536371.jpg\" data-orig-size=\"4000,3000\" data-comments-opened=\"0\" data-image-meta=\"{&quot;aperture&quot;:&quot;1.7&quot;,&quot;credit&quot;:&quot;&quot;,&quot;camera&quot;:&quot;SM-G715FN&quot;,&quot;caption&quot;:&quot;&quot;,&quot;created_timestamp&quot;:&quot;1652369798&quot;,&quot;copyright&quot;:&quot;&quot;,&quot;focal_length&quot;:&quot;3.92&quot;,&quot;iso&quot;:&quot;40&quot;,&quot;shutter_speed&quot;:&quot;0.0014684287812041&quot;,&quot;title&quot;:&quot;&quot;,&quot;orientation&quot;:&quot;1&quot;,&quot;keywords&quot;:&quot;Array&quot;}\" data-image-title=\"20220512_153637[1]\" data-image-description=\"\" data-medium-file=\"https:\/\/www.stiegenhof.ch\/wp-content\/uploads\/2022\/06\/20220512_1536371-300x225.jpg\" data-large-file=\"https:\/\/www.stiegenhof.ch\/wp-content\/uploads\/2022\/06\/20220512_1536371-1024x768.jpg\" \/><\/a>\n\t\t\t<\/dt>\n\t\t\t\t<dd class='wp-caption-text gallery-caption' id='gallery-1-402'>\n\t\t\t\tF\u00fctterungsautomat\n\t\t\t\t<\/dd><\/dl><dl class='gallery-item'>\n\t\t\t<dt class='gallery-icon portrait'>\n\t\t\t\t<a href='https:\/\/www.stiegenhof.ch\/?attachment_id=405'><img loading=\"lazy\" decoding=\"async\" width=\"150\" height=\"150\" src=\"https:\/\/www.stiegenhof.ch\/wp-content\/uploads\/2022\/06\/20220512_1536441-e1654514151665-150x150.jpg\" class=\"attachment-thumbnail size-thumbnail\" alt=\"\" aria-describedby=\"gallery-1-405\" data-attachment-id=\"405\" data-orig-file=\"https:\/\/www.stiegenhof.ch\/wp-content\/uploads\/2022\/06\/20220512_1536441-e1654514151665.jpg\" data-orig-size=\"3000,4000\" data-comments-opened=\"0\" data-image-meta=\"{&quot;aperture&quot;:&quot;1.7&quot;,&quot;credit&quot;:&quot;&quot;,&quot;camera&quot;:&quot;SM-G715FN&quot;,&quot;caption&quot;:&quot;&quot;,&quot;created_timestamp&quot;:&quot;1652369804&quot;,&quot;copyright&quot;:&quot;&quot;,&quot;focal_length&quot;:&quot;3.92&quot;,&quot;iso&quot;:&quot;40&quot;,&quot;shutter_speed&quot;:&quot;0.003584229390681&quot;,&quot;title&quot;:&quot;&quot;,&quot;orientation&quot;:&quot;6&quot;,&quot;keywords&quot;:&quot;Array&quot;}\" data-image-title=\"20220512_153644[1]\" data-image-description=\"\" data-medium-file=\"https:\/\/www.stiegenhof.ch\/wp-content\/uploads\/2022\/06\/20220512_1536441-e1654514151665-225x300.jpg\" data-large-file=\"https:\/\/www.stiegenhof.ch\/wp-content\/uploads\/2022\/06\/20220512_1536441-e1654514151665-768x1024.jpg\" \/><\/a>\n\t\t\t<\/dt>\n\t\t\t\t<dd class='wp-caption-text gallery-caption' id='gallery-1-405'>\n\t\t\t\tF\u00fctterungsautomat Eingang\n\t\t\t\t<\/dd><\/dl><dl class='gallery-item'>\n\t\t\t<dt class='gallery-icon landscape'>\n\t\t\t\t<a href='https:\/\/www.stiegenhof.ch\/?attachment_id=408'><img loading=\"lazy\" decoding=\"async\" width=\"150\" height=\"150\" src=\"https:\/\/www.stiegenhof.ch\/wp-content\/uploads\/2022\/06\/20220512_1537071-150x150.jpg\" class=\"attachment-thumbnail size-thumbnail\" alt=\"\" aria-describedby=\"gallery-1-408\" data-attachment-id=\"408\" data-orig-file=\"https:\/\/www.stiegenhof.ch\/wp-content\/uploads\/2022\/06\/20220512_1537071.jpg\" data-orig-size=\"4000,3000\" data-comments-opened=\"0\" data-image-meta=\"{&quot;aperture&quot;:&quot;1.7&quot;,&quot;credit&quot;:&quot;&quot;,&quot;camera&quot;:&quot;SM-G715FN&quot;,&quot;caption&quot;:&quot;&quot;,&quot;created_timestamp&quot;:&quot;1652369827&quot;,&quot;copyright&quot;:&quot;&quot;,&quot;focal_length&quot;:&quot;3.92&quot;,&quot;iso&quot;:&quot;80&quot;,&quot;shutter_speed&quot;:&quot;0.02&quot;,&quot;title&quot;:&quot;&quot;,&quot;orientation&quot;:&quot;1&quot;,&quot;keywords&quot;:&quot;Array&quot;}\" data-image-title=\"20220512_153707[1]\" data-image-description=\"\" data-medium-file=\"https:\/\/www.stiegenhof.ch\/wp-content\/uploads\/2022\/06\/20220512_1537071-300x225.jpg\" data-large-file=\"https:\/\/www.stiegenhof.ch\/wp-content\/uploads\/2022\/06\/20220512_1537071-1024x768.jpg\" \/><\/a>\n\t\t\t<\/dt>\n\t\t\t\t<dd class='wp-caption-text gallery-caption' id='gallery-1-408'>\n\t\t\t\tF\u00fctterungsautomat Heu &#8211; und Kraftfutterausgabe\n\t\t\t\t<\/dd><\/dl><br style=\"clear: both\" \/><dl class='gallery-item'>\n\t\t\t<dt class='gallery-icon portrait'>\n\t\t\t\t<a href='https:\/\/www.stiegenhof.ch\/?attachment_id=406'><img loading=\"lazy\" decoding=\"async\" width=\"150\" height=\"150\" src=\"https:\/\/www.stiegenhof.ch\/wp-content\/uploads\/2022\/06\/20220512_1536481-e1654514447107-150x150.jpg\" class=\"attachment-thumbnail size-thumbnail\" alt=\"\" aria-describedby=\"gallery-1-406\" data-attachment-id=\"406\" data-orig-file=\"https:\/\/www.stiegenhof.ch\/wp-content\/uploads\/2022\/06\/20220512_1536481-e1654514447107.jpg\" data-orig-size=\"3000,4000\" data-comments-opened=\"0\" data-image-meta=\"{&quot;aperture&quot;:&quot;1.7&quot;,&quot;credit&quot;:&quot;&quot;,&quot;camera&quot;:&quot;SM-G715FN&quot;,&quot;caption&quot;:&quot;&quot;,&quot;created_timestamp&quot;:&quot;1652369808&quot;,&quot;copyright&quot;:&quot;&quot;,&quot;focal_length&quot;:&quot;3.92&quot;,&quot;iso&quot;:&quot;64&quot;,&quot;shutter_speed&quot;:&quot;0.01&quot;,&quot;title&quot;:&quot;&quot;,&quot;orientation&quot;:&quot;6&quot;,&quot;keywords&quot;:&quot;Array&quot;}\" data-image-title=\"20220512_153648[1]\" data-image-description=\"\" data-medium-file=\"https:\/\/www.stiegenhof.ch\/wp-content\/uploads\/2022\/06\/20220512_1536481-e1654514447107-225x300.jpg\" data-large-file=\"https:\/\/www.stiegenhof.ch\/wp-content\/uploads\/2022\/06\/20220512_1536481-e1654514447107-768x1024.jpg\" \/><\/a>\n\t\t\t<\/dt>\n\t\t\t\t<dd class='wp-caption-text gallery-caption' id='gallery-1-406'>\n\t\t\t\tF\u00fctterungsautomat Eingang\n\t\t\t\t<\/dd><\/dl>\n\t\t\t<br style='clear: both' \/>\n\t\t<\/div>\n\n<p>&nbsp;<\/p>\n","protected":false},"excerpt":{"rendered":"<p>&nbsp; Der Offenstall besteht aus zwei Fressbereichen, zwei Liegehallen und diversen Ausl\u00e4ufen mit verschiedenen Bodenbel\u00e4gen. Es ist ein Kaltstall, mit viel Auslauf, der m\u00f6glichst naturnahe Lebensgrundlagen bietet. Die Pferde k\u00f6nnen sich an einer Futterachse, beidseitig, mit dem n\u00f6tigen Grundfutter versorgen. &hellip; <a href=\"https:\/\/www.stiegenhof.ch\/?page_id=27\">Weiterlesen <span class=\"meta-nav\">&rarr;<\/span><\/a><\/p>\n","protected":false},"author":1,"featured_media":0,"parent":23,"menu_order":0,"comment_status":"closed","ping_status":"closed","template":"","meta":{"footnotes":""},"class_list":["post-27","page","type-page","status-publish","hentry"],"_links":{"self":[{"href":"https:\/\/www.stiegenhof.ch\/index.php?rest_route=\/wp\/v2\/pages\/27","targetHints":{"allow":["GET"]}}],"collection":[{"href":"https:\/\/www.stiegenhof.ch\/index.php?rest_route=\/wp\/v2\/pages"}],"about":[{"href":"https:\/\/www.stiegenhof.ch\/index.php?rest_route=\/wp\/v2\/types\/page"}],"author":[{"embeddable":true,"href":"https:\/\/www.stiegenhof.ch\/index.php?rest_route=\/wp\/v2\/users\/1"}],"replies":[{"embeddable":true,"href":"https:\/\/www.stiegenhof.ch\/index.php?rest_route=%2Fwp%2Fv2%2Fcomments&post=27"}],"version-history":[{"count":14,"href":"https:\/\/www.stiegenhof.ch\/index.php?rest_route=\/wp\/v2\/pages\/27\/revisions"}],"predecessor-version":[{"id":464,"href":"https:\/\/www.stiegenhof.ch\/index.php?rest_route=\/wp\/v2\/pages\/27\/revisions\/464"}],"up":[{"embeddable":true,"href":"https:\/\/www.stiegenhof.ch\/index.php?rest_route=\/wp\/v2\/pages\/23"}],"wp:attachment":[{"href":"https:\/\/www.stiegenhof.ch\/index.php?rest_route=%2Fwp%2Fv2%2Fmedia&parent=27"}],"curies":[{"name":"wp","href":"https:\/\/api.w.org\/{rel}","templated":true}]}}