{"id":287,"date":"2013-06-11T17:10:39","date_gmt":"2013-06-11T16:10:39","guid":{"rendered":"http:\/\/www.stiegenhof.ch\/blog\/?page_id=287"},"modified":"2025-09-29T15:25:28","modified_gmt":"2025-09-29T14:25:28","slug":"aktionen","status":"publish","type":"page","link":"https:\/\/www.stiegenhof.ch\/?page_id=287","title":{"rendered":"F\u00fctterungsautomat"},"content":{"rendered":"<p>Mit dem F\u00fctterungsautomat der Firma Schauer k\u00f6nnen die Pferde, die nicht gen\u00fcgend Futter an der Futterachse bekommen, individuell am Automaten mehr Heu fressen. Es wird zus\u00e4tzlich ein Mineralfutter abgegeben und es w\u00e4re auch m\u00f6glich ein Kraftfutter auf mehrere Male im Tag zu verteilen. Die Tiere bekommen ein Sender, der Mittels einem Band einfach am Bein befestigt werden kann.<\/p>\n<div id=\"attachment_408\" style=\"width: 160px\" class=\"wp-caption alignnone\"><a href=\"http:\/\/www.stiegenhof.ch\/?attachment_id=408\" rel=\"attachment wp-att-408\"><img loading=\"lazy\" decoding=\"async\" aria-describedby=\"caption-attachment-408\" class=\"wp-image-408 size-thumbnail\" src=\"http:\/\/www.stiegenhof.ch\/wp-content\/uploads\/2022\/06\/20220512_1537071-150x150.jpg\" alt=\"\" width=\"150\" height=\"150\" \/><\/a><p id=\"caption-attachment-408\" class=\"wp-caption-text\">F\u00fctterungsautomat Heu &#8211; und Kraftfutterausgabe<\/p><\/div>\n<div id=\"attachment_405\" style=\"width: 160px\" class=\"wp-caption alignnone\"><a href=\"http:\/\/www.stiegenhof.ch\/?attachment_id=405\" rel=\"attachment wp-att-405\"><img loading=\"lazy\" decoding=\"async\" aria-describedby=\"caption-attachment-405\" class=\"size-thumbnail wp-image-405\" src=\"http:\/\/www.stiegenhof.ch\/wp-content\/uploads\/2022\/06\/20220512_1536441-e1654514151665-150x150.jpg\" alt=\"\" width=\"150\" height=\"150\" \/><\/a><p id=\"caption-attachment-405\" class=\"wp-caption-text\">F\u00fctterungsautomat Eingang<\/p><\/div>\n","protected":false},"excerpt":{"rendered":"<p>Mit dem F\u00fctterungsautomat der Firma Schauer k\u00f6nnen die Pferde, die nicht gen\u00fcgend Futter an der Futterachse bekommen, individuell am Automaten mehr Heu fressen. Es wird zus\u00e4tzlich ein Mineralfutter abgegeben und es w\u00e4re auch m\u00f6glich ein Kraftfutter auf mehrere Male im &hellip; <a href=\"https:\/\/www.stiegenhof.ch\/?page_id=287\">Weiterlesen <span class=\"meta-nav\">&rarr;<\/span><\/a><\/p>\n","protected":false},"author":1,"featured_media":0,"parent":0,"menu_order":0,"comment_status":"closed","ping_status":"closed","template":"","meta":{"footnotes":""},"class_list":["post-287","page","type-page","status-publish","hentry"],"_links":{"self":[{"href":"https:\/\/www.stiegenhof.ch\/index.php?rest_route=\/wp\/v2\/pages\/287","targetHints":{"allow":["GET"]}}],"collection":[{"href":"https:\/\/www.stiegenhof.ch\/index.php?rest_route=\/wp\/v2\/pages"}],"about":[{"href":"https:\/\/www.stiegenhof.ch\/index.php?rest_route=\/wp\/v2\/types\/page"}],"author":[{"embeddable":true,"href":"https:\/\/www.stiegenhof.ch\/index.php?rest_route=\/wp\/v2\/users\/1"}],"replies":[{"embeddable":true,"href":"https:\/\/www.stiegenhof.ch\/index.php?rest_route=%2Fwp%2Fv2%2Fcomments&post=287"}],"version-history":[{"count":10,"href":"https:\/\/www.stiegenhof.ch\/index.php?rest_route=\/wp\/v2\/pages\/287\/revisions"}],"predecessor-version":[{"id":462,"href":"https:\/\/www.stiegenhof.ch\/index.php?rest_route=\/wp\/v2\/pages\/287\/revisions\/462"}],"wp:attachment":[{"href":"https:\/\/www.stiegenhof.ch\/index.php?rest_route=%2Fwp%2Fv2%2Fmedia&parent=287"}],"curies":[{"name":"wp","href":"https:\/\/api.w.org\/{rel}","templated":true}]}}