{"id":29,"date":"2012-04-17T09:24:56","date_gmt":"2012-04-17T08:24:56","guid":{"rendered":"http:\/\/www.stiegenhof.ch\/blog\/?page_id=29"},"modified":"2013-08-09T07:51:11","modified_gmt":"2013-08-09T06:51:11","slug":"sattelkammer-und-reiterstubli","status":"publish","type":"page","link":"https:\/\/www.stiegenhof.ch\/?page_id=29","title":{"rendered":"Sattelkammer und Reiterst\u00fcbli"},"content":{"rendered":"<p>In der Sattelkammer steht pro Pferd ein grossz\u00fcgiger Schrank zur Verf\u00fcgung. An der Wand sind pro Pferd je ein Sattelhalter und ein Zaumhalter vorhanden.<\/p>\n<p>Das Reiterst\u00fcbli ist ein sich geschlossener Raum mit einer einfachen K\u00fccheninfrastruktur und einer m\u00e4chtigen Bartischplatte aus Eichenholz. Die Eiche musste auf der Pferdeweide aus Sicherheitsgr\u00fcnden gef\u00e4llt werden und hat so eine neue wundersch\u00f6ne Verwendung gefunden.<\/p>\n<p>Sattelkammer und Reiterst\u00fcbli werden im Winter mit der betriebseigenen Schnitzelheizung beheizt.<br \/>\n<div data-carousel-extra='{\"blog_id\":1,\"permalink\":\"https:\\\/\\\/www.stiegenhof.ch\\\/?page_id=29\",\"likes_blog_id\":false}' id='gallery-1' class='gallery galleryid-29 gallery-columns-4 gallery-size-thumbnail'><dl class='gallery-item'>\n\t\t\t<dt class='gallery-icon landscape'>\n\t\t\t\t<a href='https:\/\/www.stiegenhof.ch\/?attachment_id=105'><img loading=\"lazy\" decoding=\"async\" width=\"150\" height=\"150\" src=\"https:\/\/www.stiegenhof.ch\/wp-content\/uploads\/2013\/01\/Sattel2-150x150.jpg\" class=\"attachment-thumbnail size-thumbnail\" alt=\"\" data-attachment-id=\"105\" data-orig-file=\"https:\/\/www.stiegenhof.ch\/wp-content\/uploads\/2013\/01\/Sattel2.jpg\" data-orig-size=\"600,399\" data-comments-opened=\"0\" data-image-meta=\"{&quot;aperture&quot;:&quot;3.5&quot;,&quot;credit&quot;:&quot;&quot;,&quot;camera&quot;:&quot;NIKON D70&quot;,&quot;caption&quot;:&quot;&quot;,&quot;created_timestamp&quot;:&quot;1331653878&quot;,&quot;copyright&quot;:&quot;&quot;,&quot;focal_length&quot;:&quot;18&quot;,&quot;iso&quot;:&quot;0&quot;,&quot;shutter_speed&quot;:&quot;0.016666666666667&quot;,&quot;title&quot;:&quot;&quot;}\" data-image-title=\"Sattel2\" data-image-description=\"\" data-medium-file=\"https:\/\/www.stiegenhof.ch\/wp-content\/uploads\/2013\/01\/Sattel2-300x199.jpg\" data-large-file=\"https:\/\/www.stiegenhof.ch\/wp-content\/uploads\/2013\/01\/Sattel2.jpg\" \/><\/a>\n\t\t\t<\/dt><\/dl><dl class='gallery-item'>\n\t\t\t<dt class='gallery-icon landscape'>\n\t\t\t\t<a href='https:\/\/www.stiegenhof.ch\/?attachment_id=104'><img loading=\"lazy\" decoding=\"async\" width=\"150\" height=\"150\" src=\"https:\/\/www.stiegenhof.ch\/wp-content\/uploads\/2013\/01\/Sattel1-150x150.jpg\" class=\"attachment-thumbnail size-thumbnail\" alt=\"\" data-attachment-id=\"104\" data-orig-file=\"https:\/\/www.stiegenhof.ch\/wp-content\/uploads\/2013\/01\/Sattel1.jpg\" data-orig-size=\"600,399\" data-comments-opened=\"0\" data-image-meta=\"{&quot;aperture&quot;:&quot;3.5&quot;,&quot;credit&quot;:&quot;&quot;,&quot;camera&quot;:&quot;NIKON D70&quot;,&quot;caption&quot;:&quot;&quot;,&quot;created_timestamp&quot;:&quot;1331653845&quot;,&quot;copyright&quot;:&quot;&quot;,&quot;focal_length&quot;:&quot;18&quot;,&quot;iso&quot;:&quot;0&quot;,&quot;shutter_speed&quot;:&quot;0.016666666666667&quot;,&quot;title&quot;:&quot;&quot;}\" data-image-title=\"Sattel1\" data-image-description=\"\" data-medium-file=\"https:\/\/www.stiegenhof.ch\/wp-content\/uploads\/2013\/01\/Sattel1-300x199.jpg\" data-large-file=\"https:\/\/www.stiegenhof.ch\/wp-content\/uploads\/2013\/01\/Sattel1.jpg\" \/><\/a>\n\t\t\t<\/dt><\/dl><dl class='gallery-item'>\n\t\t\t<dt class='gallery-icon landscape'>\n\t\t\t\t<a href='https:\/\/www.stiegenhof.ch\/?attachment_id=101'><img loading=\"lazy\" decoding=\"async\" width=\"150\" height=\"150\" src=\"https:\/\/www.stiegenhof.ch\/wp-content\/uploads\/2013\/01\/Kastenraum5-150x150.jpg\" class=\"attachment-thumbnail size-thumbnail\" alt=\"\" data-attachment-id=\"101\" data-orig-file=\"https:\/\/www.stiegenhof.ch\/wp-content\/uploads\/2013\/01\/Kastenraum5.jpg\" data-orig-size=\"600,399\" data-comments-opened=\"0\" data-image-meta=\"{&quot;aperture&quot;:&quot;3.5&quot;,&quot;credit&quot;:&quot;&quot;,&quot;camera&quot;:&quot;NIKON D70&quot;,&quot;caption&quot;:&quot;&quot;,&quot;created_timestamp&quot;:&quot;1331653874&quot;,&quot;copyright&quot;:&quot;&quot;,&quot;focal_length&quot;:&quot;18&quot;,&quot;iso&quot;:&quot;0&quot;,&quot;shutter_speed&quot;:&quot;0.016666666666667&quot;,&quot;title&quot;:&quot;&quot;}\" data-image-title=\"Kastenraum5\" data-image-description=\"\" data-medium-file=\"https:\/\/www.stiegenhof.ch\/wp-content\/uploads\/2013\/01\/Kastenraum5-300x199.jpg\" data-large-file=\"https:\/\/www.stiegenhof.ch\/wp-content\/uploads\/2013\/01\/Kastenraum5.jpg\" \/><\/a>\n\t\t\t<\/dt><\/dl><dl class='gallery-item'>\n\t\t\t<dt class='gallery-icon landscape'>\n\t\t\t\t<a href='https:\/\/www.stiegenhof.ch\/?attachment_id=100'><img loading=\"lazy\" decoding=\"async\" width=\"150\" height=\"150\" src=\"https:\/\/www.stiegenhof.ch\/wp-content\/uploads\/2013\/01\/Kastenraum4-150x150.jpg\" class=\"attachment-thumbnail size-thumbnail\" alt=\"\" data-attachment-id=\"100\" data-orig-file=\"https:\/\/www.stiegenhof.ch\/wp-content\/uploads\/2013\/01\/Kastenraum4.jpg\" data-orig-size=\"600,399\" data-comments-opened=\"0\" data-image-meta=\"{&quot;aperture&quot;:&quot;3.5&quot;,&quot;credit&quot;:&quot;&quot;,&quot;camera&quot;:&quot;NIKON D70&quot;,&quot;caption&quot;:&quot;&quot;,&quot;created_timestamp&quot;:&quot;1331653867&quot;,&quot;copyright&quot;:&quot;&quot;,&quot;focal_length&quot;:&quot;18&quot;,&quot;iso&quot;:&quot;0&quot;,&quot;shutter_speed&quot;:&quot;0.016666666666667&quot;,&quot;title&quot;:&quot;&quot;}\" data-image-title=\"Kastenraum4\" data-image-description=\"\" data-medium-file=\"https:\/\/www.stiegenhof.ch\/wp-content\/uploads\/2013\/01\/Kastenraum4-300x199.jpg\" data-large-file=\"https:\/\/www.stiegenhof.ch\/wp-content\/uploads\/2013\/01\/Kastenraum4.jpg\" \/><\/a>\n\t\t\t<\/dt><\/dl><br style=\"clear: both\" \/><dl class='gallery-item'>\n\t\t\t<dt class='gallery-icon landscape'>\n\t\t\t\t<a href='https:\/\/www.stiegenhof.ch\/?attachment_id=94'><img loading=\"lazy\" decoding=\"async\" width=\"150\" height=\"150\" src=\"https:\/\/www.stiegenhof.ch\/wp-content\/uploads\/2013\/01\/Kaffeeecke2-150x150.jpg\" class=\"attachment-thumbnail size-thumbnail\" alt=\"\" data-attachment-id=\"94\" data-orig-file=\"https:\/\/www.stiegenhof.ch\/wp-content\/uploads\/2013\/01\/Kaffeeecke2.jpg\" data-orig-size=\"600,399\" data-comments-opened=\"0\" data-image-meta=\"{&quot;aperture&quot;:&quot;3.5&quot;,&quot;credit&quot;:&quot;&quot;,&quot;camera&quot;:&quot;NIKON D70&quot;,&quot;caption&quot;:&quot;&quot;,&quot;created_timestamp&quot;:&quot;1331653798&quot;,&quot;copyright&quot;:&quot;&quot;,&quot;focal_length&quot;:&quot;18&quot;,&quot;iso&quot;:&quot;0&quot;,&quot;shutter_speed&quot;:&quot;0.016666666666667&quot;,&quot;title&quot;:&quot;&quot;}\" data-image-title=\"Kaffeeecke2\" data-image-description=\"\" data-medium-file=\"https:\/\/www.stiegenhof.ch\/wp-content\/uploads\/2013\/01\/Kaffeeecke2-300x199.jpg\" data-large-file=\"https:\/\/www.stiegenhof.ch\/wp-content\/uploads\/2013\/01\/Kaffeeecke2.jpg\" \/><\/a>\n\t\t\t<\/dt><\/dl><dl class='gallery-item'>\n\t\t\t<dt class='gallery-icon portrait'>\n\t\t\t\t<a href='https:\/\/www.stiegenhof.ch\/?attachment_id=95'><img loading=\"lazy\" decoding=\"async\" width=\"150\" height=\"150\" src=\"https:\/\/www.stiegenhof.ch\/wp-content\/uploads\/2013\/01\/Kaffeeecke3-150x150.jpg\" class=\"attachment-thumbnail size-thumbnail\" alt=\"\" data-attachment-id=\"95\" data-orig-file=\"https:\/\/www.stiegenhof.ch\/wp-content\/uploads\/2013\/01\/Kaffeeecke3.jpg\" data-orig-size=\"600,902\" data-comments-opened=\"0\" data-image-meta=\"{&quot;aperture&quot;:&quot;3.5&quot;,&quot;credit&quot;:&quot;&quot;,&quot;camera&quot;:&quot;NIKON D70&quot;,&quot;caption&quot;:&quot;&quot;,&quot;created_timestamp&quot;:&quot;1331653818&quot;,&quot;copyright&quot;:&quot;&quot;,&quot;focal_length&quot;:&quot;18&quot;,&quot;iso&quot;:&quot;0&quot;,&quot;shutter_speed&quot;:&quot;0.016666666666667&quot;,&quot;title&quot;:&quot;&quot;}\" data-image-title=\"Kaffeeecke3\" data-image-description=\"\" data-medium-file=\"https:\/\/www.stiegenhof.ch\/wp-content\/uploads\/2013\/01\/Kaffeeecke3-199x300.jpg\" data-large-file=\"https:\/\/www.stiegenhof.ch\/wp-content\/uploads\/2013\/01\/Kaffeeecke3.jpg\" \/><\/a>\n\t\t\t<\/dt><\/dl><dl class='gallery-item'>\n\t\t\t<dt class='gallery-icon landscape'>\n\t\t\t\t<a href='https:\/\/www.stiegenhof.ch\/?attachment_id=96'><img loading=\"lazy\" decoding=\"async\" width=\"150\" height=\"150\" src=\"https:\/\/www.stiegenhof.ch\/wp-content\/uploads\/2013\/01\/Kaffeeecke4-150x150.jpg\" class=\"attachment-thumbnail size-thumbnail\" alt=\"\" data-attachment-id=\"96\" data-orig-file=\"https:\/\/www.stiegenhof.ch\/wp-content\/uploads\/2013\/01\/Kaffeeecke4.jpg\" data-orig-size=\"600,399\" data-comments-opened=\"0\" data-image-meta=\"{&quot;aperture&quot;:&quot;3.5&quot;,&quot;credit&quot;:&quot;&quot;,&quot;camera&quot;:&quot;NIKON D70&quot;,&quot;caption&quot;:&quot;&quot;,&quot;created_timestamp&quot;:&quot;1331653821&quot;,&quot;copyright&quot;:&quot;&quot;,&quot;focal_length&quot;:&quot;18&quot;,&quot;iso&quot;:&quot;0&quot;,&quot;shutter_speed&quot;:&quot;0.016666666666667&quot;,&quot;title&quot;:&quot;&quot;}\" data-image-title=\"Kaffeeecke4\" data-image-description=\"\" data-medium-file=\"https:\/\/www.stiegenhof.ch\/wp-content\/uploads\/2013\/01\/Kaffeeecke4-300x199.jpg\" data-large-file=\"https:\/\/www.stiegenhof.ch\/wp-content\/uploads\/2013\/01\/Kaffeeecke4.jpg\" \/><\/a>\n\t\t\t<\/dt><\/dl><dl class='gallery-item'>\n\t\t\t<dt class='gallery-icon landscape'>\n\t\t\t\t<a href='https:\/\/www.stiegenhof.ch\/?attachment_id=98'><img loading=\"lazy\" decoding=\"async\" width=\"150\" height=\"150\" src=\"https:\/\/www.stiegenhof.ch\/wp-content\/uploads\/2013\/01\/Kastenraum2-150x150.jpg\" class=\"attachment-thumbnail size-thumbnail\" alt=\"\" data-attachment-id=\"98\" data-orig-file=\"https:\/\/www.stiegenhof.ch\/wp-content\/uploads\/2013\/01\/Kastenraum2.jpg\" data-orig-size=\"600,399\" data-comments-opened=\"0\" data-image-meta=\"{&quot;aperture&quot;:&quot;3.5&quot;,&quot;credit&quot;:&quot;&quot;,&quot;camera&quot;:&quot;NIKON D70&quot;,&quot;caption&quot;:&quot;&quot;,&quot;created_timestamp&quot;:&quot;1331653851&quot;,&quot;copyright&quot;:&quot;&quot;,&quot;focal_length&quot;:&quot;18&quot;,&quot;iso&quot;:&quot;0&quot;,&quot;shutter_speed&quot;:&quot;0.016666666666667&quot;,&quot;title&quot;:&quot;&quot;}\" data-image-title=\"Kastenraum2\" data-image-description=\"\" data-medium-file=\"https:\/\/www.stiegenhof.ch\/wp-content\/uploads\/2013\/01\/Kastenraum2-300x199.jpg\" data-large-file=\"https:\/\/www.stiegenhof.ch\/wp-content\/uploads\/2013\/01\/Kastenraum2.jpg\" \/><\/a>\n\t\t\t<\/dt><\/dl><br style=\"clear: both\" \/>\n\t\t<\/div>\n<\/p>\n","protected":false},"excerpt":{"rendered":"<p>In der Sattelkammer steht pro Pferd ein grossz\u00fcgiger Schrank zur Verf\u00fcgung. An der Wand sind pro Pferd je ein Sattelhalter und ein Zaumhalter vorhanden. Das Reiterst\u00fcbli ist ein sich geschlossener Raum mit einer einfachen K\u00fccheninfrastruktur und einer m\u00e4chtigen Bartischplatte aus &hellip; <a href=\"https:\/\/www.stiegenhof.ch\/?page_id=29\">Weiterlesen <span class=\"meta-nav\">&rarr;<\/span><\/a><\/p>\n","protected":false},"author":1,"featured_media":0,"parent":23,"menu_order":1,"comment_status":"closed","ping_status":"closed","template":"","meta":{"footnotes":""},"class_list":["post-29","page","type-page","status-publish","hentry"],"_links":{"self":[{"href":"https:\/\/www.stiegenhof.ch\/index.php?rest_route=\/wp\/v2\/pages\/29","targetHints":{"allow":["GET"]}}],"collection":[{"href":"https:\/\/www.stiegenhof.ch\/index.php?rest_route=\/wp\/v2\/pages"}],"about":[{"href":"https:\/\/www.stiegenhof.ch\/index.php?rest_route=\/wp\/v2\/types\/page"}],"author":[{"embeddable":true,"href":"https:\/\/www.stiegenhof.ch\/index.php?rest_route=\/wp\/v2\/users\/1"}],"replies":[{"embeddable":true,"href":"https:\/\/www.stiegenhof.ch\/index.php?rest_route=%2Fwp%2Fv2%2Fcomments&post=29"}],"version-history":[{"count":8,"href":"https:\/\/www.stiegenhof.ch\/index.php?rest_route=\/wp\/v2\/pages\/29\/revisions"}],"predecessor-version":[{"id":465,"href":"https:\/\/www.stiegenhof.ch\/index.php?rest_route=\/wp\/v2\/pages\/29\/revisions\/465"}],"up":[{"embeddable":true,"href":"https:\/\/www.stiegenhof.ch\/index.php?rest_route=\/wp\/v2\/pages\/23"}],"wp:attachment":[{"href":"https:\/\/www.stiegenhof.ch\/index.php?rest_route=%2Fwp%2Fv2%2Fmedia&parent=29"}],"curies":[{"name":"wp","href":"https:\/\/api.w.org\/{rel}","templated":true}]}}