{"id":38,"date":"2012-04-17T09:41:28","date_gmt":"2012-04-17T08:41:28","guid":{"rendered":"http:\/\/www.stiegenhof.ch\/blog\/?page_id=38"},"modified":"2023-11-18T17:50:47","modified_gmt":"2023-11-18T16:50:47","slug":"willkommen-auf-dem-stiegenhof","status":"publish","type":"page","link":"https:\/\/www.stiegenhof.ch\/","title":{"rendered":"Willkommen auf dem Stiegenhof"},"content":{"rendered":"<p>Der Stiegenhof ist ein landwirtschaftlicher Betrieb mit einem Pensionsstall.<br \/>\nBei uns k\u00f6nnen Sie Ihr Pferd in einem Gruppenstall in Pension geben.<\/p>\n<p>Wir bieten eine, an das nat\u00fcrliche Verhalten der Pferde angepasste Offenstall-Haltung mit viel Bewegungsm\u00f6glichkeiten und Abwechslung im Stall und Wiese.<\/p>\n<p>Dazu Komfort f\u00fcr den Reiter und Ausbildung mit einer angepassten Infrastruktur<\/p>\n<p>Es werden Tiere bis Stockmass 162cm aufgenommen<\/p>\n<p>Bevorzugt werden ruhige, offenstall-gewohnte Tiere ohne Hufeisen.<\/p>\n<p>Da der Stiegenhof keine Boxen anbietet, ist es nicht m\u00f6glich, Hengste aufzunehmen.<\/p>\n<p><span style=\"color: #ff0000;\">Es sind zwei Pl\u00e4tze frei.\u00a0<\/span> Wenn Sie sich f\u00fcr unsere Anlage interessieren, k\u00f6nnen Sie sich via E-Mail oder 079 402 33 69 mit uns in Verbindung setzen. Gerne zeigen wir Ihnen unsere Anlage. Wenn unsere Anlage Ihnen gef\u00e4llt und sie gerne zu uns kommen m\u00f6chten, besuchen wir Ihr Pferd<\/p>\n<p>Im Moment haben 13 Pferde ein zu Hause bei uns<\/p>\n","protected":false},"excerpt":{"rendered":"<p>Der Stiegenhof ist ein landwirtschaftlicher Betrieb mit einem Pensionsstall. Bei uns k\u00f6nnen Sie Ihr Pferd in einem Gruppenstall in Pension geben. Wir bieten eine, an das nat\u00fcrliche Verhalten der Pferde angepasste Offenstall-Haltung mit viel Bewegungsm\u00f6glichkeiten und Abwechslung im Stall und &hellip; <a href=\"https:\/\/www.stiegenhof.ch\/\">Weiterlesen <span class=\"meta-nav\">&rarr;<\/span><\/a><\/p>\n","protected":false},"author":1,"featured_media":0,"parent":0,"menu_order":0,"comment_status":"closed","ping_status":"closed","template":"","meta":{"footnotes":""},"class_list":["post-38","page","type-page","status-publish","hentry"],"_links":{"self":[{"href":"https:\/\/www.stiegenhof.ch\/index.php?rest_route=\/wp\/v2\/pages\/38","targetHints":{"allow":["GET"]}}],"collection":[{"href":"https:\/\/www.stiegenhof.ch\/index.php?rest_route=\/wp\/v2\/pages"}],"about":[{"href":"https:\/\/www.stiegenhof.ch\/index.php?rest_route=\/wp\/v2\/types\/page"}],"author":[{"embeddable":true,"href":"https:\/\/www.stiegenhof.ch\/index.php?rest_route=\/wp\/v2\/users\/1"}],"replies":[{"embeddable":true,"href":"https:\/\/www.stiegenhof.ch\/index.php?rest_route=%2Fwp%2Fv2%2Fcomments&post=38"}],"version-history":[{"count":18,"href":"https:\/\/www.stiegenhof.ch\/index.php?rest_route=\/wp\/v2\/pages\/38\/revisions"}],"predecessor-version":[{"id":436,"href":"https:\/\/www.stiegenhof.ch\/index.php?rest_route=\/wp\/v2\/pages\/38\/revisions\/436"}],"wp:attachment":[{"href":"https:\/\/www.stiegenhof.ch\/index.php?rest_route=%2Fwp%2Fv2%2Fmedia&parent=38"}],"curies":[{"name":"wp","href":"https:\/\/api.w.org\/{rel}","templated":true}]}}