{"id":81,"date":"2013-01-06T13:14:20","date_gmt":"2013-01-06T12:14:20","guid":{"rendered":"http:\/\/www.stiegenhof.ch\/blog\/?page_id=81"},"modified":"2023-11-18T17:54:17","modified_gmt":"2023-11-18T16:54:17","slug":"heu","status":"publish","type":"page","link":"https:\/\/www.stiegenhof.ch\/?page_id=81","title":{"rendered":"Heu"},"content":{"rendered":"<div data-carousel-extra='{\"blog_id\":1,\"permalink\":\"https:\\\/\\\/www.stiegenhof.ch\\\/?page_id=81\",\"likes_blog_id\":false}' id='gallery-1' class='gallery galleryid-81 gallery-columns-4 gallery-size-thumbnail'><dl class='gallery-item'>\n\t\t\t<dt class='gallery-icon landscape'>\n\t\t\t\t<a href='https:\/\/www.stiegenhof.ch\/?attachment_id=246'><img loading=\"lazy\" decoding=\"async\" width=\"150\" height=\"150\" src=\"https:\/\/www.stiegenhof.ch\/wp-content\/uploads\/2013\/05\/Heu-Lieferbereit-150x150.jpg\" class=\"attachment-thumbnail size-thumbnail\" alt=\"\" aria-describedby=\"gallery-1-246\" data-attachment-id=\"246\" data-orig-file=\"https:\/\/www.stiegenhof.ch\/wp-content\/uploads\/2013\/05\/Heu-Lieferbereit.jpg\" data-orig-size=\"600,450\" data-comments-opened=\"0\" data-image-meta=\"{&quot;aperture&quot;:&quot;3.1&quot;,&quot;credit&quot;:&quot;&quot;,&quot;camera&quot;:&quot;COOLPIX S225&quot;,&quot;caption&quot;:&quot;&quot;,&quot;created_timestamp&quot;:&quot;1277904429&quot;,&quot;copyright&quot;:&quot;&quot;,&quot;focal_length&quot;:&quot;6.3&quot;,&quot;iso&quot;:&quot;215&quot;,&quot;shutter_speed&quot;:&quot;0.004&quot;,&quot;title&quot;:&quot;&quot;}\" data-image-title=\"Heu Lieferbereit\" data-image-description=\"\" data-medium-file=\"https:\/\/www.stiegenhof.ch\/wp-content\/uploads\/2013\/05\/Heu-Lieferbereit-300x225.jpg\" data-large-file=\"https:\/\/www.stiegenhof.ch\/wp-content\/uploads\/2013\/05\/Heu-Lieferbereit.jpg\" \/><\/a>\n\t\t\t<\/dt>\n\t\t\t\t<dd class='wp-caption-text gallery-caption' id='gallery-1-246'>\n\t\t\t\tHeulager, versch. Qualit\u00e4ten\n\t\t\t\t<\/dd><\/dl><dl class='gallery-item'>\n\t\t\t<dt class='gallery-icon landscape'>\n\t\t\t\t<a href='https:\/\/www.stiegenhof.ch\/?attachment_id=245'><img loading=\"lazy\" decoding=\"async\" width=\"150\" height=\"150\" src=\"https:\/\/www.stiegenhof.ch\/wp-content\/uploads\/2013\/05\/Heu-Ernte-150x150.jpg\" class=\"attachment-thumbnail size-thumbnail\" alt=\"\" aria-describedby=\"gallery-1-245\" data-attachment-id=\"245\" data-orig-file=\"https:\/\/www.stiegenhof.ch\/wp-content\/uploads\/2013\/05\/Heu-Ernte.jpg\" data-orig-size=\"600,450\" data-comments-opened=\"0\" data-image-meta=\"{&quot;aperture&quot;:&quot;2.6&quot;,&quot;credit&quot;:&quot;&quot;,&quot;camera&quot;:&quot;ST17i&quot;,&quot;caption&quot;:&quot;&quot;,&quot;created_timestamp&quot;:&quot;1344619094&quot;,&quot;copyright&quot;:&quot;&quot;,&quot;focal_length&quot;:&quot;3.5&quot;,&quot;iso&quot;:&quot;64&quot;,&quot;shutter_speed&quot;:&quot;0.001&quot;,&quot;title&quot;:&quot;&quot;}\" data-image-title=\"Heu &#8211; Ernte\" data-image-description=\"\" data-medium-file=\"https:\/\/www.stiegenhof.ch\/wp-content\/uploads\/2013\/05\/Heu-Ernte-300x225.jpg\" data-large-file=\"https:\/\/www.stiegenhof.ch\/wp-content\/uploads\/2013\/05\/Heu-Ernte.jpg\" \/><\/a>\n\t\t\t<\/dt>\n\t\t\t\t<dd class='wp-caption-text gallery-caption' id='gallery-1-245'>\n\t\t\t\tErnte\n\t\t\t\t<\/dd><\/dl><dl class='gallery-item'>\n\t\t\t<dt class='gallery-icon landscape'>\n\t\t\t\t<a href='https:\/\/www.stiegenhof.ch\/?attachment_id=252'><img loading=\"lazy\" decoding=\"async\" width=\"150\" height=\"150\" src=\"https:\/\/www.stiegenhof.ch\/wp-content\/uploads\/2013\/05\/Heu2-150x150.jpg\" class=\"attachment-thumbnail size-thumbnail\" alt=\"\" aria-describedby=\"gallery-1-252\" data-attachment-id=\"252\" data-orig-file=\"https:\/\/www.stiegenhof.ch\/wp-content\/uploads\/2013\/05\/Heu2.jpg\" data-orig-size=\"600,399\" data-comments-opened=\"0\" data-image-meta=\"{&quot;aperture&quot;:&quot;8&quot;,&quot;credit&quot;:&quot;&quot;,&quot;camera&quot;:&quot;NIKON D70&quot;,&quot;caption&quot;:&quot;&quot;,&quot;created_timestamp&quot;:&quot;1182277927&quot;,&quot;copyright&quot;:&quot;&quot;,&quot;focal_length&quot;:&quot;40&quot;,&quot;iso&quot;:&quot;0&quot;,&quot;shutter_speed&quot;:&quot;0.004&quot;,&quot;title&quot;:&quot;&quot;}\" data-image-title=\"Heu2\" data-image-description=\"\" data-medium-file=\"https:\/\/www.stiegenhof.ch\/wp-content\/uploads\/2013\/05\/Heu2-300x199.jpg\" data-large-file=\"https:\/\/www.stiegenhof.ch\/wp-content\/uploads\/2013\/05\/Heu2.jpg\" \/><\/a>\n\t\t\t<\/dt>\n\t\t\t\t<dd class='wp-caption-text gallery-caption' id='gallery-1-252'>\n\t\t\t\tKleinballen gepackt\n\t\t\t\t<\/dd><\/dl><dl class='gallery-item'>\n\t\t\t<dt class='gallery-icon landscape'>\n\t\t\t\t<a href='https:\/\/www.stiegenhof.ch\/?attachment_id=251'><img loading=\"lazy\" decoding=\"async\" width=\"150\" height=\"150\" src=\"https:\/\/www.stiegenhof.ch\/wp-content\/uploads\/2013\/05\/Heu1-150x150.jpg\" class=\"attachment-thumbnail size-thumbnail\" alt=\"\" aria-describedby=\"gallery-1-251\" data-attachment-id=\"251\" data-orig-file=\"https:\/\/www.stiegenhof.ch\/wp-content\/uploads\/2013\/05\/Heu1.jpg\" data-orig-size=\"600,399\" data-comments-opened=\"0\" data-image-meta=\"{&quot;aperture&quot;:&quot;8&quot;,&quot;credit&quot;:&quot;&quot;,&quot;camera&quot;:&quot;NIKON D70&quot;,&quot;caption&quot;:&quot;&quot;,&quot;created_timestamp&quot;:&quot;1182277923&quot;,&quot;copyright&quot;:&quot;&quot;,&quot;focal_length&quot;:&quot;22&quot;,&quot;iso&quot;:&quot;0&quot;,&quot;shutter_speed&quot;:&quot;0.004&quot;,&quot;title&quot;:&quot;&quot;}\" data-image-title=\"Heu1\" data-image-description=\"\" data-medium-file=\"https:\/\/www.stiegenhof.ch\/wp-content\/uploads\/2013\/05\/Heu1-300x199.jpg\" data-large-file=\"https:\/\/www.stiegenhof.ch\/wp-content\/uploads\/2013\/05\/Heu1.jpg\" \/><\/a>\n\t\t\t<\/dt>\n\t\t\t\t<dd class='wp-caption-text gallery-caption' id='gallery-1-251'>\n\t\t\t\tPacken fertig\n\t\t\t\t<\/dd><\/dl><br style=\"clear: both\" \/>\n\t\t<\/div>\n\n<p>Von den grossen Naturwiesenfl\u00e4chen, die der Stiegenhof bewirtschaftet, entsteht sch\u00f6nes Heu, das fr\u00fchestens nach der Bl\u00fcte, teilweise sehr schonend mit dem Messerbalken gem\u00e4ht wird. Es wird sonnengetrocknet, und danach auf dem Feld gepresst. Es eignet sich hervorragend f\u00fcr die F\u00fctterung von Pferden und Kleintieren.<\/p>\n<p>Von den Blumenwiesen, die auf dem Stiegenhof wachsen wird &#8222;Bl\u00fcemliheu&#8220; geerntet. Die Wiesen werden nach dem Versamen der Blumen mit dem Messerbalken gem\u00e4ht, breit liegengelassen, ohne Bearbeitung sonnengetrocknet und danach schonend zusammengenommen. Dank diesem Verfahren bleiben die schmackhaften Bl\u00e4ttchen im Heu erhalten und werden von den Pferden gerne gefressen.<\/p>\n<p><strong>Esparsette<\/strong><\/p>\n<p>2022 versuchen wir die Esparsette zu kultivieren. Wir konnten die ersten W\u00fcrfel ernten. Zum Einf\u00fchrungspreis von Fr. 1.80\/kg kann auf dem Stiegenhof so lange Vorrat lose bezogen werden.<\/p>\n<p>Wenn Sie sich nicht sicher sind, was Sie f\u00fcr Ihr Tier ben\u00f6tigen, fragen Sie auf dem Stiegenhof nach. Hier wird seit Jahrzehnten D\u00fcrrfutter f\u00fcr den Verkauf selber produziert.<\/p>\n<p>F\u00fcr gr\u00f6ssere Mengen werden mit betriebseigenen Maschinen &#8222;Grossballen&#8220; produziert, die aus 14 Kleinballen bestehen. Das heisst, es werden 14 Kleinballen zu einer Grossen gepresst und durch durchtrennen von 4 Schn\u00fcren hat man wieder die einzelnen Kleinballen zur Verf\u00fcgung.<\/p>\n<p>So hat man den Komfort von Grossballen, die man maschinell transportieren\/aufladen\/lagern kann, zur F\u00fctterung sind trotzdem handliche Kleinballen vorhanden.<\/p>\n<p>Informieren Sie sich unter info(at)stiegenhof.ch<\/p>\n<p>Preise ab Hof:<\/p>\n<p>Kleinballen Heu\u00a0\u00a0\u00a0\u00a0\u00a0\u00a0\u00a0\u00a0\u00a0\u00a0\u00a0\u00a0\u00a0\u00a0\u00a0\u00a0\u00a0\u00a0\u00a0\u00a0 \u00a0 25 &#8211; 28kg\u00a0\u00a0\u00a0\u00a0\u00a0\u00a0\u00a0\u00a0\u00a0 110 x 50 x 40cm\u00a0\u00a0\u00a0\u00a0\u00a0\u00a0\u00a0\u00a0\u00a0\u00a0\u00a0\u00a0<strong>Fr.\u00a0\u00a0 12.&#8211;<\/strong><\/p>\n<p>Grossballen Heu (14 Stk)\u00a0\u00a0\u00a0\u00a0 350-420kg\u00a0\u00a0\u00a0\u00a0\u00a0\u00a0\u00a0 240 x 110 x 100cm\u00a0\u00a0\u00a0\u00a0\u00a0\u00a0\u00a0 <strong>Fr. 145.&#8211;<\/strong><\/p>\n<p>Grossballen Bl\u00fcemliheu \u00a0 \u00a0 (14 Stk)\u00a0\u00a0\u00a0\u00a0\u00a0\u00a0\u00a0\u00a0\u00a0\u00a0\u00a0\u00a0\u00a0 240 x 110 x 100cm\u00a0\u00a0\u00a0\u00a0\u00a0\u00a0\u00a0 \u00a0 <strong>Fr. 150.-<\/strong><\/p>\n<p>F\u00fcr gr\u00f6ssere Mengen oder Lieferung: Gerne machen wir Ihnen Offerte.<\/p>\n<div data-carousel-extra='{\"blog_id\":1,\"permalink\":\"https:\\\/\\\/www.stiegenhof.ch\\\/?page_id=81\",\"likes_blog_id\":false}' id='gallery-2' class='gallery galleryid-81 gallery-columns-4 gallery-size-thumbnail'><dl class='gallery-item'>\n\t\t\t<dt class='gallery-icon landscape'>\n\t\t\t\t<a href='https:\/\/www.stiegenhof.ch\/?attachment_id=253'><img loading=\"lazy\" decoding=\"async\" width=\"150\" height=\"150\" src=\"https:\/\/www.stiegenhof.ch\/wp-content\/uploads\/2013\/05\/Heu3-150x150.jpg\" class=\"attachment-thumbnail size-thumbnail\" alt=\"\" aria-describedby=\"gallery-2-253\" data-attachment-id=\"253\" data-orig-file=\"https:\/\/www.stiegenhof.ch\/wp-content\/uploads\/2013\/05\/Heu3.jpg\" data-orig-size=\"600,399\" data-comments-opened=\"0\" data-image-meta=\"{&quot;aperture&quot;:&quot;5.6&quot;,&quot;credit&quot;:&quot;&quot;,&quot;camera&quot;:&quot;NIKON D70&quot;,&quot;caption&quot;:&quot;&quot;,&quot;created_timestamp&quot;:&quot;1182278841&quot;,&quot;copyright&quot;:&quot;&quot;,&quot;focal_length&quot;:&quot;300&quot;,&quot;iso&quot;:&quot;0&quot;,&quot;shutter_speed&quot;:&quot;0.0008&quot;,&quot;title&quot;:&quot;&quot;}\" data-image-title=\"Heu3\" data-image-description=\"\" data-medium-file=\"https:\/\/www.stiegenhof.ch\/wp-content\/uploads\/2013\/05\/Heu3-300x199.jpg\" data-large-file=\"https:\/\/www.stiegenhof.ch\/wp-content\/uploads\/2013\/05\/Heu3.jpg\" \/><\/a>\n\t\t\t<\/dt>\n\t\t\t\t<dd class='wp-caption-text gallery-caption' id='gallery-2-253'>\n\t\t\t\tPackmaschine \n\t\t\t\t<\/dd><\/dl><dl class='gallery-item'>\n\t\t\t<dt class='gallery-icon landscape'>\n\t\t\t\t<a href='https:\/\/www.stiegenhof.ch\/?attachment_id=254'><img loading=\"lazy\" decoding=\"async\" width=\"150\" height=\"150\" src=\"https:\/\/www.stiegenhof.ch\/wp-content\/uploads\/2013\/05\/Heu4-150x150.jpg\" class=\"attachment-thumbnail size-thumbnail\" alt=\"\" aria-describedby=\"gallery-2-254\" data-attachment-id=\"254\" data-orig-file=\"https:\/\/www.stiegenhof.ch\/wp-content\/uploads\/2013\/05\/Heu4.jpg\" data-orig-size=\"600,399\" data-comments-opened=\"0\" data-image-meta=\"{&quot;aperture&quot;:&quot;11&quot;,&quot;credit&quot;:&quot;&quot;,&quot;camera&quot;:&quot;NIKON D70&quot;,&quot;caption&quot;:&quot;&quot;,&quot;created_timestamp&quot;:&quot;1182278919&quot;,&quot;copyright&quot;:&quot;&quot;,&quot;focal_length&quot;:&quot;75&quot;,&quot;iso&quot;:&quot;0&quot;,&quot;shutter_speed&quot;:&quot;0.002&quot;,&quot;title&quot;:&quot;&quot;}\" data-image-title=\"Heu4\" data-image-description=\"\" data-medium-file=\"https:\/\/www.stiegenhof.ch\/wp-content\/uploads\/2013\/05\/Heu4-300x199.jpg\" data-large-file=\"https:\/\/www.stiegenhof.ch\/wp-content\/uploads\/2013\/05\/Heu4.jpg\" \/><\/a>\n\t\t\t<\/dt>\n\t\t\t\t<dd class='wp-caption-text gallery-caption' id='gallery-2-254'>\n\t\t\t\tPackmaschine\n\t\t\t\t<\/dd><\/dl><dl class='gallery-item'>\n\t\t\t<dt class='gallery-icon landscape'>\n\t\t\t\t<a href='https:\/\/www.stiegenhof.ch\/?attachment_id=250'><img loading=\"lazy\" decoding=\"async\" width=\"150\" height=\"150\" src=\"https:\/\/www.stiegenhof.ch\/wp-content\/uploads\/2013\/05\/Heu-wenden-150x150.jpg\" class=\"attachment-thumbnail size-thumbnail\" alt=\"\" aria-describedby=\"gallery-2-250\" data-attachment-id=\"250\" data-orig-file=\"https:\/\/www.stiegenhof.ch\/wp-content\/uploads\/2013\/05\/Heu-wenden.jpg\" data-orig-size=\"600,450\" data-comments-opened=\"0\" data-image-meta=\"{&quot;aperture&quot;:&quot;2.8&quot;,&quot;credit&quot;:&quot;&quot;,&quot;camera&quot;:&quot;W810i&quot;,&quot;caption&quot;:&quot;&quot;,&quot;created_timestamp&quot;:&quot;1183823512&quot;,&quot;copyright&quot;:&quot;&quot;,&quot;focal_length&quot;:&quot;0&quot;,&quot;iso&quot;:&quot;80&quot;,&quot;shutter_speed&quot;:&quot;0.0004&quot;,&quot;title&quot;:&quot;&quot;}\" data-image-title=\"Heu wenden\" data-image-description=\"\" data-medium-file=\"https:\/\/www.stiegenhof.ch\/wp-content\/uploads\/2013\/05\/Heu-wenden-300x225.jpg\" data-large-file=\"https:\/\/www.stiegenhof.ch\/wp-content\/uploads\/2013\/05\/Heu-wenden.jpg\" \/><\/a>\n\t\t\t<\/dt>\n\t\t\t\t<dd class='wp-caption-text gallery-caption' id='gallery-2-250'>\n\t\t\t\tHeu wenden\n\t\t\t\t<\/dd><\/dl><dl class='gallery-item'>\n\t\t\t<dt class='gallery-icon landscape'>\n\t\t\t\t<a href='https:\/\/www.stiegenhof.ch\/?attachment_id=248'><img loading=\"lazy\" decoding=\"async\" width=\"150\" height=\"150\" src=\"https:\/\/www.stiegenhof.ch\/wp-content\/uploads\/2013\/05\/Heu-m\u00e4hen-150x150.jpg\" class=\"attachment-thumbnail size-thumbnail\" alt=\"\" aria-describedby=\"gallery-2-248\" data-attachment-id=\"248\" data-orig-file=\"https:\/\/www.stiegenhof.ch\/wp-content\/uploads\/2013\/05\/Heu-m\u00e4hen.jpg\" data-orig-size=\"600,450\" data-comments-opened=\"0\" data-image-meta=\"{&quot;aperture&quot;:&quot;2.8&quot;,&quot;credit&quot;:&quot;&quot;,&quot;camera&quot;:&quot;W810i&quot;,&quot;caption&quot;:&quot;&quot;,&quot;created_timestamp&quot;:&quot;1213814012&quot;,&quot;copyright&quot;:&quot;&quot;,&quot;focal_length&quot;:&quot;0&quot;,&quot;iso&quot;:&quot;80&quot;,&quot;shutter_speed&quot;:&quot;0.0008&quot;,&quot;title&quot;:&quot;&quot;}\" data-image-title=\"Heu m\u00e4hen\" data-image-description=\"\" data-medium-file=\"https:\/\/www.stiegenhof.ch\/wp-content\/uploads\/2013\/05\/Heu-m\u00e4hen-300x225.jpg\" data-large-file=\"https:\/\/www.stiegenhof.ch\/wp-content\/uploads\/2013\/05\/Heu-m\u00e4hen.jpg\" \/><\/a>\n\t\t\t<\/dt>\n\t\t\t\t<dd class='wp-caption-text gallery-caption' id='gallery-2-248'>\n\t\t\t\tHeu m\u00e4hen\n\t\t\t\t<\/dd><\/dl><br style=\"clear: both\" \/><dl class='gallery-item'>\n\t\t\t<dt class='gallery-icon landscape'>\n\t\t\t\t<a href='https:\/\/www.stiegenhof.ch\/?attachment_id=413'><img loading=\"lazy\" decoding=\"async\" width=\"150\" height=\"150\" src=\"https:\/\/www.stiegenhof.ch\/wp-content\/uploads\/2022\/06\/20210813_061735-150x150.jpg\" class=\"attachment-thumbnail size-thumbnail\" alt=\"\" aria-describedby=\"gallery-2-413\" data-attachment-id=\"413\" data-orig-file=\"https:\/\/www.stiegenhof.ch\/wp-content\/uploads\/2022\/06\/20210813_061735.jpg\" data-orig-size=\"4000,3000\" data-comments-opened=\"0\" data-image-meta=\"{&quot;aperture&quot;:&quot;1.7&quot;,&quot;credit&quot;:&quot;&quot;,&quot;camera&quot;:&quot;SM-G715FN&quot;,&quot;caption&quot;:&quot;&quot;,&quot;created_timestamp&quot;:&quot;1628835455&quot;,&quot;copyright&quot;:&quot;&quot;,&quot;focal_length&quot;:&quot;3.92&quot;,&quot;iso&quot;:&quot;100&quot;,&quot;shutter_speed&quot;:&quot;0.02&quot;,&quot;title&quot;:&quot;&quot;,&quot;orientation&quot;:&quot;1&quot;,&quot;keywords&quot;:&quot;Array&quot;}\" data-image-title=\"20210813_061735\" data-image-description=\"\" data-medium-file=\"https:\/\/www.stiegenhof.ch\/wp-content\/uploads\/2022\/06\/20210813_061735-300x225.jpg\" data-large-file=\"https:\/\/www.stiegenhof.ch\/wp-content\/uploads\/2022\/06\/20210813_061735-1024x768.jpg\" \/><\/a>\n\t\t\t<\/dt>\n\t\t\t\t<dd class='wp-caption-text gallery-caption' id='gallery-2-413'>\n\t\t\t\tSchonende M\u00e4htechnik\n\t\t\t\t<\/dd><\/dl><dl class='gallery-item'>\n\t\t\t<dt class='gallery-icon landscape'>\n\t\t\t\t<a href='https:\/\/www.stiegenhof.ch\/?attachment_id=414'><img loading=\"lazy\" decoding=\"async\" width=\"150\" height=\"150\" src=\"https:\/\/www.stiegenhof.ch\/wp-content\/uploads\/2022\/06\/20210813_061728-150x150.jpg\" class=\"attachment-thumbnail size-thumbnail\" alt=\"\" aria-describedby=\"gallery-2-414\" data-attachment-id=\"414\" data-orig-file=\"https:\/\/www.stiegenhof.ch\/wp-content\/uploads\/2022\/06\/20210813_061728.jpg\" data-orig-size=\"4000,3000\" data-comments-opened=\"0\" data-image-meta=\"{&quot;aperture&quot;:&quot;1.7&quot;,&quot;credit&quot;:&quot;&quot;,&quot;camera&quot;:&quot;SM-G715FN&quot;,&quot;caption&quot;:&quot;&quot;,&quot;created_timestamp&quot;:&quot;1628835448&quot;,&quot;copyright&quot;:&quot;&quot;,&quot;focal_length&quot;:&quot;3.92&quot;,&quot;iso&quot;:&quot;80&quot;,&quot;shutter_speed&quot;:&quot;0.02&quot;,&quot;title&quot;:&quot;&quot;,&quot;orientation&quot;:&quot;1&quot;,&quot;keywords&quot;:&quot;Array&quot;}\" data-image-title=\"20210813_061728\" data-image-description=\"\" data-medium-file=\"https:\/\/www.stiegenhof.ch\/wp-content\/uploads\/2022\/06\/20210813_061728-300x225.jpg\" data-large-file=\"https:\/\/www.stiegenhof.ch\/wp-content\/uploads\/2022\/06\/20210813_061728-1024x768.jpg\" \/><\/a>\n\t\t\t<\/dt>\n\t\t\t\t<dd class='wp-caption-text gallery-caption' id='gallery-2-414'>\n\t\t\t\tMesserbalken: l\u00e4ngeres Heu Biodiversit\u00e4t geschont\n\t\t\t\t<\/dd><\/dl><dl class='gallery-item'>\n\t\t\t<dt class='gallery-icon portrait'>\n\t\t\t\t<a href='https:\/\/www.stiegenhof.ch\/?attachment_id=415'><img loading=\"lazy\" decoding=\"async\" width=\"150\" height=\"150\" src=\"https:\/\/www.stiegenhof.ch\/wp-content\/uploads\/2022\/06\/20200623_183305-e1654516325630-150x150.jpg\" class=\"attachment-thumbnail size-thumbnail\" alt=\"\" aria-describedby=\"gallery-2-415\" data-attachment-id=\"415\" data-orig-file=\"https:\/\/www.stiegenhof.ch\/wp-content\/uploads\/2022\/06\/20200623_183305-e1654516325630.jpg\" data-orig-size=\"3456,4608\" data-comments-opened=\"0\" data-image-meta=\"{&quot;aperture&quot;:&quot;1.9&quot;,&quot;credit&quot;:&quot;&quot;,&quot;camera&quot;:&quot;SM-A520F&quot;,&quot;caption&quot;:&quot;&quot;,&quot;created_timestamp&quot;:&quot;1592937184&quot;,&quot;copyright&quot;:&quot;&quot;,&quot;focal_length&quot;:&quot;3.6&quot;,&quot;iso&quot;:&quot;40&quot;,&quot;shutter_speed&quot;:&quot;0.00066979236436705&quot;,&quot;title&quot;:&quot;&quot;,&quot;orientation&quot;:&quot;6&quot;,&quot;keywords&quot;:&quot;Array&quot;}\" data-image-title=\"20200623_183305\" data-image-description=\"\" data-medium-file=\"https:\/\/www.stiegenhof.ch\/wp-content\/uploads\/2022\/06\/20200623_183305-e1654516325630-225x300.jpg\" data-large-file=\"https:\/\/www.stiegenhof.ch\/wp-content\/uploads\/2022\/06\/20200623_183305-e1654516325630-768x1024.jpg\" \/><\/a>\n\t\t\t<\/dt>\n\t\t\t\t<dd class='wp-caption-text gallery-caption' id='gallery-2-415'>\n\t\t\t\tErnte\n\t\t\t\t<\/dd><\/dl><dl class='gallery-item'>\n\t\t\t<dt class='gallery-icon landscape'>\n\t\t\t\t<a href='https:\/\/www.stiegenhof.ch\/?attachment_id=416'><img loading=\"lazy\" decoding=\"async\" width=\"150\" height=\"150\" src=\"https:\/\/www.stiegenhof.ch\/wp-content\/uploads\/2022\/06\/20200624_181258-150x150.jpg\" class=\"attachment-thumbnail size-thumbnail\" alt=\"\" aria-describedby=\"gallery-2-416\" data-attachment-id=\"416\" data-orig-file=\"https:\/\/www.stiegenhof.ch\/wp-content\/uploads\/2022\/06\/20200624_181258.jpg\" data-orig-size=\"4608,3456\" data-comments-opened=\"0\" data-image-meta=\"{&quot;aperture&quot;:&quot;1.9&quot;,&quot;credit&quot;:&quot;&quot;,&quot;camera&quot;:&quot;SM-A520F&quot;,&quot;caption&quot;:&quot;&quot;,&quot;created_timestamp&quot;:&quot;1593022378&quot;,&quot;copyright&quot;:&quot;&quot;,&quot;focal_length&quot;:&quot;3.6&quot;,&quot;iso&quot;:&quot;40&quot;,&quot;shutter_speed&quot;:&quot;0.00079872204472843&quot;,&quot;title&quot;:&quot;&quot;,&quot;orientation&quot;:&quot;1&quot;,&quot;keywords&quot;:&quot;Array&quot;}\" data-image-title=\"20200624_181258\" data-image-description=\"\" data-medium-file=\"https:\/\/www.stiegenhof.ch\/wp-content\/uploads\/2022\/06\/20200624_181258-300x225.jpg\" data-large-file=\"https:\/\/www.stiegenhof.ch\/wp-content\/uploads\/2022\/06\/20200624_181258-1024x768.jpg\" \/><\/a>\n\t\t\t<\/dt>\n\t\t\t\t<dd class='wp-caption-text gallery-caption' id='gallery-2-416'>\n\t\t\t\tPackmaschine im Einsatz\n\t\t\t\t<\/dd><\/dl><br style=\"clear: both\" \/><dl class='gallery-item'>\n\t\t\t<dt class='gallery-icon landscape'>\n\t\t\t\t<a href='https:\/\/www.stiegenhof.ch\/?attachment_id=417'><img loading=\"lazy\" decoding=\"async\" width=\"150\" height=\"150\" src=\"https:\/\/www.stiegenhof.ch\/wp-content\/uploads\/2022\/06\/20220530_1455301-150x150.jpg\" class=\"attachment-thumbnail size-thumbnail\" alt=\"\" aria-describedby=\"gallery-2-417\" data-attachment-id=\"417\" data-orig-file=\"https:\/\/www.stiegenhof.ch\/wp-content\/uploads\/2022\/06\/20220530_1455301.jpg\" data-orig-size=\"4000,3000\" data-comments-opened=\"0\" data-image-meta=\"{&quot;aperture&quot;:&quot;1.7&quot;,&quot;credit&quot;:&quot;&quot;,&quot;camera&quot;:&quot;SM-G715FN&quot;,&quot;caption&quot;:&quot;&quot;,&quot;created_timestamp&quot;:&quot;1653922530&quot;,&quot;copyright&quot;:&quot;&quot;,&quot;focal_length&quot;:&quot;3.92&quot;,&quot;iso&quot;:&quot;40&quot;,&quot;shutter_speed&quot;:&quot;0.0011614401858304&quot;,&quot;title&quot;:&quot;&quot;,&quot;orientation&quot;:&quot;1&quot;,&quot;keywords&quot;:&quot;Array&quot;}\" data-image-title=\"20220530_145530[1]\" data-image-description=\"\" data-medium-file=\"https:\/\/www.stiegenhof.ch\/wp-content\/uploads\/2022\/06\/20220530_1455301-300x225.jpg\" data-large-file=\"https:\/\/www.stiegenhof.ch\/wp-content\/uploads\/2022\/06\/20220530_1455301-1024x768.jpg\" \/><\/a>\n\t\t\t<\/dt>\n\t\t\t\t<dd class='wp-caption-text gallery-caption' id='gallery-2-417'>\n\t\t\t\tEsparsette Erntereif\n\t\t\t\t<\/dd><\/dl>\n\t\t\t<br style='clear: both' \/>\n\t\t<\/div>\n\n","protected":false},"excerpt":{"rendered":"<p>Von den grossen Naturwiesenfl\u00e4chen, die der Stiegenhof bewirtschaftet, entsteht sch\u00f6nes Heu, das fr\u00fchestens nach der Bl\u00fcte, teilweise sehr schonend mit dem Messerbalken gem\u00e4ht wird. Es wird sonnengetrocknet, und danach auf dem Feld gepresst. Es eignet sich hervorragend f\u00fcr die F\u00fctterung &hellip; <a href=\"https:\/\/www.stiegenhof.ch\/?page_id=81\">Weiterlesen <span class=\"meta-nav\">&rarr;<\/span><\/a><\/p>\n","protected":false},"author":1,"featured_media":0,"parent":64,"menu_order":0,"comment_status":"closed","ping_status":"closed","template":"","meta":{"footnotes":""},"class_list":["post-81","page","type-page","status-publish","hentry"],"_links":{"self":[{"href":"https:\/\/www.stiegenhof.ch\/index.php?rest_route=\/wp\/v2\/pages\/81","targetHints":{"allow":["GET"]}}],"collection":[{"href":"https:\/\/www.stiegenhof.ch\/index.php?rest_route=\/wp\/v2\/pages"}],"about":[{"href":"https:\/\/www.stiegenhof.ch\/index.php?rest_route=\/wp\/v2\/types\/page"}],"author":[{"embeddable":true,"href":"https:\/\/www.stiegenhof.ch\/index.php?rest_route=\/wp\/v2\/users\/1"}],"replies":[{"embeddable":true,"href":"https:\/\/www.stiegenhof.ch\/index.php?rest_route=%2Fwp%2Fv2%2Fcomments&post=81"}],"version-history":[{"count":15,"href":"https:\/\/www.stiegenhof.ch\/index.php?rest_route=\/wp\/v2\/pages\/81\/revisions"}],"predecessor-version":[{"id":471,"href":"https:\/\/www.stiegenhof.ch\/index.php?rest_route=\/wp\/v2\/pages\/81\/revisions\/471"}],"up":[{"embeddable":true,"href":"https:\/\/www.stiegenhof.ch\/index.php?rest_route=\/wp\/v2\/pages\/64"}],"wp:attachment":[{"href":"https:\/\/www.stiegenhof.ch\/index.php?rest_route=%2Fwp%2Fv2%2Fmedia&parent=81"}],"curies":[{"name":"wp","href":"https:\/\/api.w.org\/{rel}","templated":true}]}}